{"id":749,"date":"2025-07-20T07:24:03","date_gmt":"2025-07-20T07:24:03","guid":{"rendered":"https:\/\/astronauts.games\/?page_id=749"},"modified":"2025-10-21T11:49:47","modified_gmt":"2025-10-21T11:49:47","slug":"demo","status":"publish","type":"page","link":"https:\/\/astronauts.games\/sv\/demo\/","title":{"rendered":"Astronaut (100HP Gaming) Game Demo Mode"},"content":{"rendered":"\n<h1 class=\"wp-block-heading\">Astronaut Crash Game Demo<\/h1>\n\n\n\t\n\n<div class=\"wp-block-cover\">\n  <!-- \u0424\u043e\u043d\u043e\u0432\u043e\u0435 \u0438\u0437\u043e\u0431\u0440\u0430\u0436\u0435\u043d\u0438\u0435 \u043a\u0430\u043a <img> -->\n  <img loading=\"lazy\"\n    decoding=\"async\"\n    width=\"1024\"\n    height=\"574\"\n    class=\"wp-block-cover__image-background wp-image-1160\"\n    src=\"https:\/\/astronauts.games\/wp-content\/uploads\/2025\/11\/astronaut_game-e1762857105423.webp\"\n    data-object-fit=\"cover\"\n    srcset=\"\n      https:\/\/astronauts.games\/wp-content\/uploads\/2025\/11\/astronaut_game-e1762857105423.webp 1024w,\n      https:\/\/astronauts.games\/wp-content\/uploads\/2025\/11\/astronaut_game-e1762857105423.webp 300w,\n      https:\/\/astronauts.games\/wp-content\/uploads\/2025\/11\/astronaut_game-e1762857105423.webp 768w,\n      https:\/\/astronauts.games\/wp-content\/uploads\/2025\/11\/astronaut_game-e1762857105423.webp 1200w\n    \"\n    sizes=\"auto, (max-width: 1024px) 100vw, 1024px\"\n  \/>\n  <!-- \u041a\u043e\u043d\u0442\u0435\u0439\u043d\u0435\u0440 \u0441 \u043a\u043d\u043e\u043f\u043a\u0430\u043c\u0438 -->\n  <div class=\"wp-block-cover__inner-container is-layout-flow wp-block-cover-is-layout-flow\">\n\n\n<div class=\"popup-demo\" data-popup-id=\"222\"\n     data-overlay-enabled=\"0\"\n     data-overlay-time=\"0\"\n     data-overlay-button-text=\"\"\n     data-overlay-button-color=\"\"\n     data-overlay-button-text-color=\"\"\n     data-overlay-button-hover-color=\"\"\n     data-overlay-button-hover-text-color=\"\"\n     data-overlay-button-link=\"\"\n     data-overlay-continue-button-text=\"\"\n     data-overlay-continue-button-color=\"\"\n     data-overlay-continue-button-text-color=\"\"\n     data-overlay-continue-button-hover-color=\"\"\n     data-overlay-continue-button-hover-text-color=\"\"\n     data-casino1-logo=\"\"\n     data-casino1-name=\"\"\n     data-casino1-bonus=\"\"\n     data-casino1-button-text=\"\"\n     data-casino1-link=\"\"\n     data-card-background-color=\"\"\n     data-button-color=\"\"\n     data-button-hover-color=\"\"\n     data-bonus-text-color=\"\"\n     data-bg-image=\"https:\/\/astronauts.games\/wp-content\/uploads\/2025\/11\/astronaut_game-e1762857105423.webp\">\n\t\n\t<div class=\"style1\">\n                    <button class=\"link-button\" data-casino-link=\"\/go-to\/\"\n                    onclick=\"ym(, 'reachGoal', 'link-button-222'); return true;\">\n                    PLAY FOR REAL MONEY            <\/button>\n                <button class=\"play-button\" data-demo-link=\"https:\/\/casino.100hp.game\/astronaut-second-chance?id=01980fbf-2da1-7237-81b0-56eb887b5c5f\"\n                onclick=\"ym(, 'reachGoal', 'play-button-222'); return true;\">\n                PLAY DEMO        <\/button>\n    <\/div>\n<\/div>\n<div id=\"popup-222\" class=\"popup\" style=\"display:none;\">\n    <div class=\"popup-content\">\n        <iframe loading=\"lazy\" class=\"popup-iframe\" src=\"\" width=\"100%\" height=\"100%\" frameborder=\"0\" scrolling=\"none\" allowfullscreen><\/iframe>\n        <button class=\"reload-iframe\" title=\"Reload\" style=\"background: none; border: none; cursor: pointer;\">\n            <img loading=\"lazy\" decoding=\"async\" src=\"https:\/\/astronauts.games\/wp-content\/plugins\/demo-popup-main\/img\/reload.png\" alt=\"Reload\" width=\"24\" height=\"24\" \/>\n        <\/button>\n        <button class=\"close-popup\" title=\"Close\" style=\"background: none; border: none; cursor: pointer;\">\n            <img loading=\"lazy\" decoding=\"async\" src=\"https:\/\/astronauts.games\/wp-content\/plugins\/demo-popup-main\/img\/close.png\" alt=\"Close\" width=\"24\" height=\"24\" \/>\n        <\/button>\n    <\/div>\n<\/div>\n\t<\/div>\n\t<\/div>\n    \n\n\n\n<p>Astronaut \u00e4r det senaste kraschspelet fr\u00e5n 100HP Gaming, en utvecklare med fokus p\u00e5 kryptobaserat onlinespel. Spelet lanserades i mars och finns nu tillg\u00e4ngligt hos flera samarbetande casinon. F\u00f6r den som vill prova spelet utan risk \u00e4r demol\u00e4get ett perfekt s\u00e4tt att uppt\u00e4cka denna kosmiska spelupplevelse.<\/p>\n\n\n\n<p>Demoversionen g\u00f6r det m\u00f6jligt att bekanta sig med spelets tempo, funktioner och volatilitet utan att satsa riktiga pengar. Det ger en realistisk k\u00e4nsla av hur rundorna fungerar och hj\u00e4lper spelaren att hitta r\u00e4tt strategi innan spelet med riktiga insatser p\u00e5b\u00f6rjas.<\/p>\n\n\n\n<h2 class=\"wp-block-heading\">F\u00f6r- och nackdelar med Astronaut fr\u00e5n 100HP Gaming<\/h2>\n\n\n\n<h3 class=\"wp-block-heading\">F\u00f6rdelar<\/h3>\n\n\n\n<ul class=\"wp-block-list\">\n<li>Tv\u00e5 insatsstationer per runda \u2013 ger spelaren flexibilitet att placera flera satsningar samtidigt.<\/li>\n\n\n\n<li>Autobet och Autowithdrawal \u2013 m\u00f6jligg\u00f6r automatiserat spel f\u00f6r smidigare rundor.<\/li>\n\n\n\n<li>Live-statistik och chatt \u2013 l\u00e5ter spelare f\u00f6lja spelets utveckling i realtid och interagera med andra deltagare.<\/li>\n\n\n\n<li>H\u00f6ga insatsgr\u00e4nser \u2013 m\u00f6jlighet att satsa upp till 150 USD per station och runda.<\/li>\n\n\n\n<li>Stora vinstm\u00f6jligheter \u2013 vinster upp till 10 000 USD kan n\u00e5s i en enskild runda.<\/li>\n\n\n\n<li>RTP \u2013 97% \u2013 en av de h\u00f6gsta \u00e5terbetalningsniv\u00e5erna inom genren.<\/li>\n<\/ul>\n\n\n\n<h3 class=\"wp-block-heading\">Nackdelar<\/h3>\n\n\n\n<ul class=\"wp-block-list\">\n<li>Speluppl\u00e4gget p\u00e5minner om andra kraschspel, \u00e4ven om Astronaut erbjuder n\u00e5gra unika funktioner ut\u00f6ver standardmekaniken.<\/li>\n\n\n\n<li>Saknar bonusl\u00e4gen som gratissnurr eller jackpottar, vilket kan g\u00f6ra att spelare som s\u00f6ker fler extrafunktioner f\u00f6redrar andra titlar.<\/li>\n<\/ul>\n\n\n\n<p>Sammantaget erbjuder demol\u00e4get i Astronaut ett s\u00e4kert och underh\u00e5llande s\u00e4tt att utforska spelet. Det passar perfekt f\u00f6r nyb\u00f6rjare som vill f\u00f6rst\u00e5 multiplikatorernas dynamik, och f\u00f6r erfarna spelare som vill testa strategier innan de b\u00f6rjar satsa riktiga pengar.<\/p>\n","protected":false},"excerpt":{"rendered":"<p>Astronaut Crash Game Demo Astronaut \u00e4r det senaste kraschspelet fr\u00e5n 100HP Gaming, en utvecklare med fokus p\u00e5 kryptobaserat onlinespel. Spelet lanserades i mars och finns nu tillg\u00e4ngligt hos flera samarbetande casinon. F\u00f6r den som vill prova spelet utan risk \u00e4r demol\u00e4get ett perfekt s\u00e4tt att uppt\u00e4cka denna kosmiska spelupplevelse. Demoversionen g\u00f6r det m\u00f6jligt att bekanta&hellip;&nbsp;<a href=\"https:\/\/astronauts.games\/sv\/demo\/\" rel=\"bookmark\">Read More &raquo;<span class=\"screen-reader-text\">Astronaut (100HP Gaming) Game Demo Mode<\/span><\/a><\/p>\n","protected":false},"author":1,"featured_media":0,"parent":0,"menu_order":0,"comment_status":"closed","ping_status":"closed","template":"","meta":{"_uag_custom_page_level_css":"","neve_meta_sidebar":"","neve_meta_container":"","neve_meta_enable_content_width":"","neve_meta_content_width":0,"neve_meta_title_alignment":"","neve_meta_author_avatar":"","neve_post_elements_order":"","neve_meta_disable_header":"","neve_meta_disable_footer":"","neve_meta_disable_title":"on","neve_meta_reading_time":"","footnotes":""},"class_list":["post-749","page","type-page","status-publish","hentry"],"acf":[],"uagb_featured_image_src":{"full":false,"thumbnail":false,"medium":false,"medium_large":false,"large":false,"1536x1536":false,"2048x2048":false,"neve-blog":false},"uagb_author_info":{"display_name":"leadscount.team@gmail.com","author_link":"https:\/\/astronauts.games\/sv\/author\/leadscount-teamgmail-com\/"},"uagb_comment_info":0,"uagb_excerpt":"Astronaut Crash Game Demo Astronaut \u00e4r det senaste kraschspelet fr\u00e5n 100HP Gaming, en utvecklare med fokus p\u00e5 kryptobaserat onlinespel. Spelet lanserades i mars och finns nu tillg\u00e4ngligt hos flera samarbetande casinon. F\u00f6r den som vill prova spelet utan risk \u00e4r demol\u00e4get ett perfekt s\u00e4tt att uppt\u00e4cka denna kosmiska spelupplevelse. Demoversionen g\u00f6r det m\u00f6jligt att bekanta&hellip;&nbsp;Read&hellip;","_links":{"self":[{"href":"https:\/\/astronauts.games\/sv\/wp-json\/wp\/v2\/pages\/749","targetHints":{"allow":["GET"]}}],"collection":[{"href":"https:\/\/astronauts.games\/sv\/wp-json\/wp\/v2\/pages"}],"about":[{"href":"https:\/\/astronauts.games\/sv\/wp-json\/wp\/v2\/types\/page"}],"author":[{"embeddable":true,"href":"https:\/\/astronauts.games\/sv\/wp-json\/wp\/v2\/users\/1"}],"replies":[{"embeddable":true,"href":"https:\/\/astronauts.games\/sv\/wp-json\/wp\/v2\/comments?post=749"}],"version-history":[{"count":1,"href":"https:\/\/astronauts.games\/sv\/wp-json\/wp\/v2\/pages\/749\/revisions"}],"predecessor-version":[{"id":752,"href":"https:\/\/astronauts.games\/sv\/wp-json\/wp\/v2\/pages\/749\/revisions\/752"}],"wp:attachment":[{"href":"https:\/\/astronauts.games\/sv\/wp-json\/wp\/v2\/media?parent=749"}],"curies":[{"name":"wp","href":"https:\/\/api.w.org\/{rel}","templated":true}]}}