{"id":766,"date":"2025-07-20T07:24:03","date_gmt":"2025-07-20T07:24:03","guid":{"rendered":"https:\/\/astronauts.games\/?page_id=766"},"modified":"2025-10-21T12:14:03","modified_gmt":"2025-10-21T12:14:03","slug":"demo","status":"publish","type":"page","link":"https:\/\/astronauts.games\/pt-pt\/demo\/","title":{"rendered":"Astronaut (100HP Gaming) Game Demo Mode"},"content":{"rendered":"\n<h1 class=\"wp-block-heading\">Astronaut Crash Game \u2013 Modo Demo<\/h1>\n\n\n\t\n\n<div class=\"wp-block-cover\">\n  <!-- \u0424\u043e\u043d\u043e\u0432\u043e\u0435 \u0438\u0437\u043e\u0431\u0440\u0430\u0436\u0435\u043d\u0438\u0435 \u043a\u0430\u043a <img> -->\n  <img loading=\"lazy\"\n    decoding=\"async\"\n    width=\"1024\"\n    height=\"574\"\n    class=\"wp-block-cover__image-background wp-image-1160\"\n    src=\"https:\/\/astronauts.games\/wp-content\/uploads\/2025\/11\/astronaut_game-e1762857105423.webp\"\n    data-object-fit=\"cover\"\n    srcset=\"\n      https:\/\/astronauts.games\/wp-content\/uploads\/2025\/11\/astronaut_game-e1762857105423.webp 1024w,\n      https:\/\/astronauts.games\/wp-content\/uploads\/2025\/11\/astronaut_game-e1762857105423.webp 300w,\n      https:\/\/astronauts.games\/wp-content\/uploads\/2025\/11\/astronaut_game-e1762857105423.webp 768w,\n      https:\/\/astronauts.games\/wp-content\/uploads\/2025\/11\/astronaut_game-e1762857105423.webp 1200w\n    \"\n    sizes=\"auto, (max-width: 1024px) 100vw, 1024px\"\n  \/>\n  <!-- \u041a\u043e\u043d\u0442\u0435\u0439\u043d\u0435\u0440 \u0441 \u043a\u043d\u043e\u043f\u043a\u0430\u043c\u0438 -->\n  <div class=\"wp-block-cover__inner-container is-layout-flow wp-block-cover-is-layout-flow\">\n\n\n<div class=\"popup-demo\" data-popup-id=\"222\"\n     data-overlay-enabled=\"0\"\n     data-overlay-time=\"0\"\n     data-overlay-button-text=\"\"\n     data-overlay-button-color=\"\"\n     data-overlay-button-text-color=\"\"\n     data-overlay-button-hover-color=\"\"\n     data-overlay-button-hover-text-color=\"\"\n     data-overlay-button-link=\"\"\n     data-overlay-continue-button-text=\"\"\n     data-overlay-continue-button-color=\"\"\n     data-overlay-continue-button-text-color=\"\"\n     data-overlay-continue-button-hover-color=\"\"\n     data-overlay-continue-button-hover-text-color=\"\"\n     data-casino1-logo=\"\"\n     data-casino1-name=\"\"\n     data-casino1-bonus=\"\"\n     data-casino1-button-text=\"\"\n     data-casino1-link=\"\"\n     data-card-background-color=\"\"\n     data-button-color=\"\"\n     data-button-hover-color=\"\"\n     data-bonus-text-color=\"\"\n     data-bg-image=\"https:\/\/astronauts.games\/wp-content\/uploads\/2025\/11\/astronaut_game-e1762857105423.webp\">\n\t\n\t<div class=\"style1\">\n                    <button class=\"link-button\" data-casino-link=\"\/go-to\/\"\n                    onclick=\"ym(, 'reachGoal', 'link-button-222'); return true;\">\n                    PLAY FOR REAL MONEY            <\/button>\n                <button class=\"play-button\" data-demo-link=\"https:\/\/casino.100hp.game\/astronaut-second-chance?id=01980fbf-2da1-7237-81b0-56eb887b5c5f\"\n                onclick=\"ym(, 'reachGoal', 'play-button-222'); return true;\">\n                PLAY DEMO        <\/button>\n    <\/div>\n<\/div>\n<div id=\"popup-222\" class=\"popup\" style=\"display:none;\">\n    <div class=\"popup-content\">\n        <iframe loading=\"lazy\" class=\"popup-iframe\" src=\"\" width=\"100%\" height=\"100%\" frameborder=\"0\" scrolling=\"none\" allowfullscreen><\/iframe>\n        <button class=\"reload-iframe\" title=\"Reload\" style=\"background: none; border: none; cursor: pointer;\">\n            <img loading=\"lazy\" decoding=\"async\" src=\"https:\/\/astronauts.games\/wp-content\/plugins\/demo-popup-main\/img\/reload.png\" alt=\"Reload\" width=\"24\" height=\"24\" \/>\n        <\/button>\n        <button class=\"close-popup\" title=\"Close\" style=\"background: none; border: none; cursor: pointer;\">\n            <img loading=\"lazy\" decoding=\"async\" src=\"https:\/\/astronauts.games\/wp-content\/plugins\/demo-popup-main\/img\/close.png\" alt=\"Close\" width=\"24\" height=\"24\" \/>\n        <\/button>\n    <\/div>\n<\/div>\n\t<\/div>\n\t<\/div>\n    \n\n\n\n<p>O Astronaut \u00e9 o mais recente jogo do estilo crash lan\u00e7ado pela 100HP Gaming, um desenvolvedor especializado em apostas com foco em criptomoedas. Lan\u00e7ado em mar\u00e7o, o t\u00edtulo j\u00e1 est\u00e1 dispon\u00edvel em diversos cassinos parceiros. Para quem deseja experimentar sem riscos, o modo demonstra\u00e7\u00e3o \u00e9 a maneira ideal de conhecer essa experi\u00eancia espacial de apostas.<\/p>\n\n\n\n<h2 class=\"wp-block-heading\">Pr\u00f3s e Contras do Astronaut da 100HP Gaming<\/h2>\n\n\n\n<h3 class=\"wp-block-heading\">Vantagens<\/h3>\n\n\n\n<ul class=\"wp-block-list\">\n<li>Duas Esta\u00e7\u00f5es de Aposta: Permitem realizar m\u00faltiplas apostas por rodada, oferecendo mais flexibilidade ao jogador.<\/li>\n\n\n\n<li>Fun\u00e7\u00f5es de Autobet e Autowithdrawal: Automatizam o jogo, facilitando rodadas consecutivas sem interven\u00e7\u00e3o manual.<\/li>\n\n\n\n<li>Estat\u00edsticas e Chat ao Vivo: Mostram o andamento das apostas em tempo real e permitem intera\u00e7\u00e3o entre os participantes.<\/li>\n\n\n\n<li>Limites Altos de Aposta: \u00c9 poss\u00edvel apostar at\u00e9 $150 por esta\u00e7\u00e3o a cada rodada.<\/li>\n\n\n\n<li>Grande Potencial de Ganho: Pr\u00eamios que podem chegar a $10.000 em uma \u00fanica rodada.<\/li>\n\n\n\n<li>RTP: Taxa de retorno de 97%, uma das mais competitivas entre os jogos crash.<\/li>\n<\/ul>\n\n\n\n<h3 class=\"wp-block-heading\">Desvantagens<\/h3>\n\n\n\n<ul class=\"wp-block-list\">\n<li>Apesar de trazer algumas inova\u00e7\u00f5es, a jogabilidade mant\u00e9m semelhan\u00e7as com outros jogos do g\u00eanero.<\/li>\n\n\n\n<li>N\u00e3o possui b\u00f4nus extras como rodadas gr\u00e1tis ou jackpots, o que pode n\u00e3o agradar jogadores que buscam recursos adicionais.<\/li>\n<\/ul>\n\n\n\n<p>O modo demo do Astronaut permite testar as mec\u00e2nicas e os recursos do jogo sem risco financeiro. \u00c9 uma excelente op\u00e7\u00e3o para compreender o ritmo e a volatilidade antes de apostar com dinheiro real, garantindo uma experi\u00eancia de aprendizado segura e divertida.<\/p>\n","protected":false},"excerpt":{"rendered":"<p>Astronaut Crash Game \u2013 Modo Demo O Astronaut \u00e9 o mais recente jogo do estilo crash lan\u00e7ado pela 100HP Gaming, um desenvolvedor especializado em apostas com foco em criptomoedas. Lan\u00e7ado em mar\u00e7o, o t\u00edtulo j\u00e1 est\u00e1 dispon\u00edvel em diversos cassinos parceiros. Para quem deseja experimentar sem riscos, o modo demonstra\u00e7\u00e3o \u00e9 a maneira ideal de&hellip;&nbsp;<a href=\"https:\/\/astronauts.games\/pt-pt\/demo\/\" rel=\"bookmark\">Read More &raquo;<span class=\"screen-reader-text\">Astronaut (100HP Gaming) Game Demo Mode<\/span><\/a><\/p>\n","protected":false},"author":1,"featured_media":0,"parent":0,"menu_order":0,"comment_status":"closed","ping_status":"closed","template":"","meta":{"_uag_custom_page_level_css":"","neve_meta_sidebar":"","neve_meta_container":"","neve_meta_enable_content_width":"","neve_meta_content_width":0,"neve_meta_title_alignment":"","neve_meta_author_avatar":"","neve_post_elements_order":"","neve_meta_disable_header":"","neve_meta_disable_footer":"","neve_meta_disable_title":"on","neve_meta_reading_time":"","footnotes":""},"class_list":["post-766","page","type-page","status-publish","hentry"],"acf":[],"uagb_featured_image_src":{"full":false,"thumbnail":false,"medium":false,"medium_large":false,"large":false,"1536x1536":false,"2048x2048":false,"neve-blog":false},"uagb_author_info":{"display_name":"leadscount.team@gmail.com","author_link":"https:\/\/astronauts.games\/pt-pt\/author\/leadscount-teamgmail-com\/"},"uagb_comment_info":0,"uagb_excerpt":"Astronaut Crash Game \u2013 Modo Demo O Astronaut \u00e9 o mais recente jogo do estilo crash lan\u00e7ado pela 100HP Gaming, um desenvolvedor especializado em apostas com foco em criptomoedas. Lan\u00e7ado em mar\u00e7o, o t\u00edtulo j\u00e1 est\u00e1 dispon\u00edvel em diversos cassinos parceiros. Para quem deseja experimentar sem riscos, o modo demonstra\u00e7\u00e3o \u00e9 a maneira ideal de&hellip;&nbsp;Read&hellip;","_links":{"self":[{"href":"https:\/\/astronauts.games\/pt-pt\/wp-json\/wp\/v2\/pages\/766","targetHints":{"allow":["GET"]}}],"collection":[{"href":"https:\/\/astronauts.games\/pt-pt\/wp-json\/wp\/v2\/pages"}],"about":[{"href":"https:\/\/astronauts.games\/pt-pt\/wp-json\/wp\/v2\/types\/page"}],"author":[{"embeddable":true,"href":"https:\/\/astronauts.games\/pt-pt\/wp-json\/wp\/v2\/users\/1"}],"replies":[{"embeddable":true,"href":"https:\/\/astronauts.games\/pt-pt\/wp-json\/wp\/v2\/comments?post=766"}],"version-history":[{"count":1,"href":"https:\/\/astronauts.games\/pt-pt\/wp-json\/wp\/v2\/pages\/766\/revisions"}],"predecessor-version":[{"id":767,"href":"https:\/\/astronauts.games\/pt-pt\/wp-json\/wp\/v2\/pages\/766\/revisions\/767"}],"wp:attachment":[{"href":"https:\/\/astronauts.games\/pt-pt\/wp-json\/wp\/v2\/media?parent=766"}],"curies":[{"name":"wp","href":"https:\/\/api.w.org\/{rel}","templated":true}]}}