{"id":742,"date":"2025-07-20T07:22:40","date_gmt":"2025-07-20T07:22:40","guid":{"rendered":"https:\/\/astronauts.games\/?page_id=742"},"modified":"2025-10-21T11:42:11","modified_gmt":"2025-10-21T11:42:11","slug":"app","status":"publish","type":"page","link":"https:\/\/astronauts.games\/nl\/app\/","title":{"rendered":"Download Astronaut Game App for Android &amp; iOS"},"content":{"rendered":"\n<div class=\"wp-block-columns is-layout-flex wp-container-core-columns-is-layout-bca183f0 wp-block-columns-is-layout-flex\" style=\"padding-top:var(--wp--preset--spacing--40);padding-bottom:0\">\n<div class=\"wp-block-column is-layout-flow wp-block-column-is-layout-flow\">\n<h1 class=\"wp-block-heading\" id=\"aviator-game-in-nigeria\">Download Astronaut Game App til Android og iOS<\/h1>\n\n\n\n<p>Astronaut Crash Game-appen giver spillere p\u00e5 Android og iOS en fordybende spiloplevelse med rumtema. Uanset om du udforsker spillet for sjov eller sigter mod gevinster med rigtige penge, leverer appen hurtig ydeevne, grafik i h\u00f8j kvalitet og responsive kontroller. Download Astronaut-appen i dag, og start dit interstellare eventyr.<\/p>\n\n\n\n<div class=\"wp-block-buttons is-content-justification-center is-layout-flex wp-container-core-buttons-is-layout-16018d1d wp-block-buttons-is-layout-flex\">\n<div class=\"wp-block-button has-custom-width wp-block-button__width-75\"><a class=\"wp-block-button__link has-nv-text-dark-bg-color has-neve-link-hover-color-background-color has-text-color has-background has-link-color has-medium-font-size has-custom-font-size wp-element-button\" href=\"\/go-to\/\" style=\"border-style:none;border-width:0px;border-radius:125px\" target=\"_blank\" rel=\" noreferrer noopener nofollow\">Play Astronaut Game<\/a><\/div>\n<\/div>\n<\/div>\n\n\n\n<div class=\"wp-block-column is-layout-flow wp-block-column-is-layout-flow\">\n<figure class=\"wp-block-image size-large\"><img decoding=\"async\" src=\"https:\/\/skyblue-goldfish-281207.hostingersite.com\/wp-content\/uploads\/2025\/07\/Screenshot_1-1024x511.png\" alt=\"\" class=\"wp-image-327\"><\/figure>\n<\/div>\n<\/div>\n\n\n\n<figure class=\"wp-block-table\"><table class=\"has-fixed-layout\"><tbody><tr><td>Parameter<\/td><td>Beskrivelse<\/td><\/tr><tr><td>Kr\u00e6vet Android-version<\/td><td>6.0 og nyere<\/td><\/tr><tr><td>Kr\u00e6vet iOS-version<\/td><td>12.0 og nyere<\/td><\/tr><tr><td>APK-filst\u00f8rrelse<\/td><td>~35 MB<\/td><\/tr><tr><td>Kr\u00e6ver internet<\/td><td>Ja<\/td><\/tr><tr><td>Minimumsindsats<\/td><td>0,1 EUR<\/td><\/tr><tr><td>Maksimumsindsats<\/td><td>10.000<\/td><\/tr><tr><td>Mulighed for rigtige penge<\/td><td>Ja<\/td><\/tr><tr><td>Gratis demo tilg\u00e6ngelig<\/td><td>Ja<\/td><\/tr><tr><td>Bonusser i appen<\/td><td>Ja<\/td><\/tr><tr><td>Grafik<\/td><td>H\u00f8jkvalitets 3D<\/td><\/tr><\/tbody><\/table><\/figure>\n\n\n\n<h2 class=\"wp-block-heading\">Astronaut-app-detaljer<\/h2>\n\n\n\n<p>Astronaut-spillet er udviklet af 100 HP Gaming og er bygget med HTML5-teknologi, hvilket sikrer problemfri kompatibilitet uden behov for tunge installationer. Det kan k\u00f8res med det samme i din webbrowser og er fuldt optimeret til:<\/p>\n\n\n\n<ul class=\"wp-block-list\">\n<li>Station\u00e6re computere \u2013 Spil direkte via browsere som Chrome eller Firefox.<\/li>\n\n\n\n<li>Android-smartphones \u2013 Underst\u00f8tter en bred vifte af enheder, herunder mellemklasse-modeller.<\/li>\n\n\n\n<li>iOS-enheder \u2013 Fungerer fejlfrit p\u00e5 iPhones og iPads og tilpasser sig automatisk til sk\u00e6rmst\u00f8rrelser.<\/li>\n<\/ul>\n\n\n\n<p>Denne fleksibilitet giver spillerne mulighed for at nyde Astronaut-crashspillet hvor som helst uden at bekymre sig om lagerplads eller kompatibilitetsproblemer.<\/p>\n\n\n\n<h2 class=\"wp-block-heading\">Astronaut APK-download til Android<\/h2>\n\n\n\n<p>Astronaut Crash-spillet kan nemt installeres p\u00e5 Android-enheder via dets officielle APK. F\u00f8r du downloader, skal du sikre dig, at din enhed opfylder disse minimumskrav:<\/p>\n\n\n\n<figure class=\"wp-block-table\"><table class=\"has-fixed-layout\"><tbody><tr><td>Funktion<\/td><td>Krav<\/td><\/tr><tr><td>Android-version<\/td><td>6.0<\/td><\/tr><tr><td>RAM<\/td><td>Minimum 2 GB<\/td><\/tr><tr><td>Lagerplads<\/td><td>35 MB ledig<\/td><\/tr><tr><td>Internetforbindelse<\/td><td>Wi-Fi eller 4G kr\u00e6ves<\/td><\/tr><\/tbody><\/table><\/figure>\n\n\n\n<h3 class=\"wp-block-heading\">S\u00e5dan downloades og installeres Astronaut-appen p\u00e5 Android<\/h3>\n\n\n\n<p>Det er hurtigt og nemt at installere Astronaut APK. F\u00f8lg disse trin for at komme i gang:<\/p>\n\n\n\n<ol class=\"wp-block-list\">\n<li>Download APK-filen \u2013 Bes\u00f8g det officielle websted for et p\u00e5lideligt online casino og download Astronaut APK direkte fra deres mobile platform.<\/li>\n\n\n\n<li>Aktiv\u00e9r installationer fra tredjeparter \u2013 G\u00e5 til <em>Indstillinger > Sikkerhed > Ukendte kilder <\/em>og tillad installationer fra ukendte kilder. (Deaktiver denne indstilling efter installationen af sikkerhedsm\u00e6ssige \u00e5rsager.)<\/li>\n\n\n\n<li>Installer og start \u2013 Tryk p\u00e5 den downloadede fil, f\u00f8lg vejledningen, og start appen for at begynde at spille med det samme.<\/li>\n<\/ol>\n\n\n\n<h2 class=\"wp-block-heading\">Astronaut-download til iOS<\/h2>\n\n\n\n<p>For iPhone- og iPad-brugere er det endnu nemmere at f\u00e5 adgang til Astronaut. Da Apple strengt regulerer apps til spil om rigtige penge, foretr\u00e6kker de fleste kasinoer at tilbyde spillet via browseren frem for via App Store. Licenserede platforme sikrer stadig et problemfrit og sikkert spil.<\/p>\n\n\n\n<p>Takket v\u00e6re det HTML5-baserede design k\u00f8rer Astronaut Crash Game fejlfrit i mobile browsere som Safari og Chrome. Spillet tilpasser sig automatisk din sk\u00e6rmst\u00f8rrelse og underst\u00f8tter touch-baserede kontroller, s\u00e5 du f\u00e5r den fulde spiloplevelse uden at skulle installere noget. Denne tilgang sparer lagerplads.<\/p>\n\n\n\n<h2 class=\"wp-block-heading\">N\u00f8glefunktioner i Astronaut-appen<\/h2>\n\n\n\n<p>Astronaut Crash Game-appen leverer j\u00e6vn ydeevne og en spillervenlig oplevelse p\u00e5 b\u00e5de Android- og iOS-enheder. Dens vigtigste fordele g\u00f8r den til en af de mest p\u00e5lidelige muligheder for mobil crash-gaming:<\/p>\n\n\n\n<ul class=\"wp-block-list\">\n<li>Lavt batteriforbrug \u2013 Optimeret motor giver l\u00e6ngere spilsessioner uden at t\u00f8mme din enhed hurtigt.<\/li>\n\n\n\n<li>Reduceret internetforbrug \u2013 Smart datalagringsteknologi g\u00f8r det ideelt til mobile netv\u00e6rk. Spillet tager 2 sekunder at \u00e5bne, selv med en 2G-forbindelse.<\/li>\n\n\n\n<li>Bred enhedskompatibilitet \u2013 Fungerer p\u00e5 adskillige Android- og iOS-versioner, inklusive mellemklasse-modeller.<\/li>\n\n\n\n<li>Flersproget support \u2013 Tilg\u00e6ngelig p\u00e5 engelsk, hindi og andre sprog.<\/li>\n\n\n\n<li>J\u00e6vn gameplay \u2013 Realtids-crash-grafik, hurtig ber\u00f8ringsrespons og ingen forsinkelser for en problemfri oplevelse.<\/li>\n<\/ul>\n\n\n\n<h2 class=\"wp-block-heading\">Datasikkerhed og sikre downloads<\/h2>\n\n\n\n<p>For en sikker installation af Astronaut-appen (Android APK eller PC-klient) skal du altid downloade fra den officielle hjemmeside for et licenseret og velrenommeret online casino, der tilbyder spillet. Dette beskytter din enhed og sikrer, at du bruger legitim software.<\/p>\n\n\n\n<h3 class=\"wp-block-heading\">Sikker downloadproces<\/h3>\n\n\n\n<ol class=\"wp-block-list\">\n<li>V\u00e6lg et velrenommeret casino \u2013 V\u00e6lg en licenseret operat\u00f8r med st\u00e6rke sikkerheds- og fair play-politikker.<\/li>\n\n\n\n<li>Bes\u00f8g den officielle hjemmeside \u2013 Brug kun direkte links; undg\u00e5 tredjepartswebsteder.<\/li>\n\n\n\n<li>Find appen eller download-sektionen \u2013 Se efter en dedikeret <em>&#8220;Mobilapp&#8221;<\/em>-side eller <em>et &#8220;Desktop-klient&#8221;<\/em>-link.<\/li>\n\n\n\n<li>F\u00f8lg instruktionerne \u2013 Webstedet vil guide dig gennem download og installation. Android-brugere skal muligvis midlertidigt aktivere tredjepartsinstallationer (deaktiveres bagefter).<\/li>\n\n\n\n<li>Bekr\u00e6ft kilden \u2013 Tjek dom\u00e6nenavnet for at bekr\u00e6fte, at downloadet kommer fra det officielle casino-websted.<\/li>\n<\/ol>\n\n\n\n<h3 class=\"wp-block-heading\">Hvorfor officielle downloads er vigtige<\/h3>\n\n\n\n<p>Det er afg\u00f8rende for en sikker spiloplevelse, at du kun bruger verificerede kilder til din Astronaut APK eller desktop-klient. Uofficielle downloads kan for\u00e5rsage:<\/p>\n\n\n\n<ul class=\"wp-block-list\">\n<li>Malware og vira \u2013 Mange tredjeparts-APK&#8217;er indeholder skadelig software.<\/li>\n\n\n\n<li>Svindelagtige apps \u2013 Forfalskede apps kan stj\u00e6le dine konto- eller betalingsoplysninger.<\/li>\n\n\n\n<li>D\u00e5rlig ydeevne \u2013 Ikke-optimerede apps hakker ofte, g\u00e5r ned eller kan ikke indl\u00e6ses.<\/li>\n\n\n\n<li>Ingen opdateringer eller support \u2013 Kun officielle apps modtager fejlrettelser og kundeservice.<\/li>\n\n\n\n<li>Uretf\u00e6rdig gameplay \u2013 U\u00e6rlige apps kan manipulere spilresultater og dermed g\u00f8re fair play-garantier ugyldige.<\/li>\n<\/ul>\n\n\n\n<p>For at opn\u00e5 de bedste resultater b\u00f8r du holde dig til at spille via browseren p\u00e5 officielle casinosider eller downloade direkte fra verificerede casinokilder. Dette garanterer sikkerhed, fair play og optimal ydeevne, n\u00e5r du nyder Astronaut Crash Game.<\/p>\n\n\n\n<h2 class=\"wp-block-heading\">FAQ<\/h2>\n\n\n<div class=\"wp-block-uagb-faq uagb-faq__outer-wrap uagb-block-91c8c3ca uagb-faq-icon-row uagb-faq-layout-accordion uagb-faq-expand-first-true uagb-faq-inactive-other-true uagb-faq__wrap uagb-buttons-layout-wrap uagb-faq-equal-height     \" data-faqtoggle=\"true\" role=\"tablist\"><div class=\"wp-block-uagb-faq-child uagb-faq-child__outer-wrap uagb-faq-item uagb-block-27347e64 \" role=\"tab\" tabindex=\"0\"><div class=\"uagb-faq-questions-button uagb-faq-questions\">\t\t\t<span class=\"uagb-icon uagb-faq-icon-wrap\">\n\t\t\t\t\t\t\t\t<svg xmlns=\"https:\/\/www.w3.org\/2000\/svg\" viewBox= \"0 0 448 512\"><path d=\"M432 256c0 17.69-14.33 32.01-32 32.01H256v144c0 17.69-14.33 31.99-32 31.99s-32-14.3-32-31.99v-144H48c-17.67 0-32-14.32-32-32.01s14.33-31.99 32-31.99H192v-144c0-17.69 14.33-32.01 32-32.01s32 14.32 32 32.01v144h144C417.7 224 432 238.3 432 256z\"><\/path><\/svg>\n\t\t\t\t\t\t\t<\/span>\n\t\t\t\t\t\t<span class=\"uagb-icon-active uagb-faq-icon-wrap\">\n\t\t\t\t\t\t\t\t<svg xmlns=\"https:\/\/www.w3.org\/2000\/svg\" viewBox= \"0 0 448 512\"><path d=\"M400 288h-352c-17.69 0-32-14.32-32-32.01s14.31-31.99 32-31.99h352c17.69 0 32 14.3 32 31.99S417.7 288 400 288z\"><\/path><\/svg>\n\t\t\t\t\t\t\t<\/span>\n\t\t\t<span class=\"uagb-question\">Er der en officiel Astronaut-app til Android og iOS?<\/span><\/div><div class=\"uagb-faq-content\"><p>Ja, Astronaut Crash Game fra 100HP har en officiel app til b\u00e5de Android- og iOS-enheder, s\u00e5 spillerne kan nyde den samme glatte gameplay, funktioner og v\u00e6ddem\u00e5lsmuligheder som p\u00e5 desktopversionen.<\/p><\/div><\/div><div class=\"wp-block-uagb-faq-child uagb-faq-child__outer-wrap uagb-faq-item uagb-block-095c6f2c \" role=\"tab\" tabindex=\"0\"><div class=\"uagb-faq-questions-button uagb-faq-questions\">\t\t\t<span class=\"uagb-icon uagb-faq-icon-wrap\">\n\t\t\t\t\t\t\t\t<svg xmlns=\"https:\/\/www.w3.org\/2000\/svg\" viewBox= \"0 0 448 512\"><path d=\"M432 256c0 17.69-14.33 32.01-32 32.01H256v144c0 17.69-14.33 31.99-32 31.99s-32-14.3-32-31.99v-144H48c-17.67 0-32-14.32-32-32.01s14.33-31.99 32-31.99H192v-144c0-17.69 14.33-32.01 32-32.01s32 14.32 32 32.01v144h144C417.7 224 432 238.3 432 256z\"><\/path><\/svg>\n\t\t\t\t\t\t\t<\/span>\n\t\t\t\t\t\t<span class=\"uagb-icon-active uagb-faq-icon-wrap\">\n\t\t\t\t\t\t\t\t<svg xmlns=\"https:\/\/www.w3.org\/2000\/svg\" viewBox= \"0 0 448 512\"><path d=\"M400 288h-352c-17.69 0-32-14.32-32-32.01s14.31-31.99 32-31.99h352c17.69 0 32 14.3 32 31.99S417.7 288 400 288z\"><\/path><\/svg>\n\t\t\t\t\t\t\t<\/span>\n\t\t\t<span class=\"uagb-question\">Hvordan kan jeg downloade Astronaut Game-appen p\u00e5 min mobile enhed?<\/span><\/div><div class=\"uagb-faq-content\"><p>For at downloade Astronaut-appen skal du bes\u00f8ge et partnercasinos websted, navigere til download-sektionen og v\u00e6lge den version, der passer til din enhed (APK til Android eller direkte App Store-link til iOS). F\u00f8lg installationsvejledningen, giv de n\u00f8dvendige tilladelser, og log ind for at begynde at spille.<\/p><\/div><\/div><div class=\"wp-block-uagb-faq-child uagb-faq-child__outer-wrap uagb-faq-item uagb-block-95da3251 \" role=\"tab\" tabindex=\"0\"><div class=\"uagb-faq-questions-button uagb-faq-questions\">\t\t\t<span class=\"uagb-icon uagb-faq-icon-wrap\">\n\t\t\t\t\t\t\t\t<svg xmlns=\"https:\/\/www.w3.org\/2000\/svg\" viewBox= \"0 0 448 512\"><path d=\"M432 256c0 17.69-14.33 32.01-32 32.01H256v144c0 17.69-14.33 31.99-32 31.99s-32-14.3-32-31.99v-144H48c-17.67 0-32-14.32-32-32.01s14.33-31.99 32-31.99H192v-144c0-17.69 14.33-32.01 32-32.01s32 14.32 32 32.01v144h144C417.7 224 432 238.3 432 256z\"><\/path><\/svg>\n\t\t\t\t\t\t\t<\/span>\n\t\t\t\t\t\t<span class=\"uagb-icon-active uagb-faq-icon-wrap\">\n\t\t\t\t\t\t\t\t<svg xmlns=\"https:\/\/www.w3.org\/2000\/svg\" viewBox= \"0 0 448 512\"><path d=\"M400 288h-352c-17.69 0-32-14.32-32-32.01s14.31-31.99 32-31.99h352c17.69 0 32 14.3 32 31.99S417.7 288 400 288z\"><\/path><\/svg>\n\t\t\t\t\t\t\t<\/span>\n\t\t\t<span class=\"uagb-question\">Er Astronaut Crash Game-appen gratis at bruge?<\/span><\/div><div class=\"uagb-faq-content\"><p>Ja, det er gratis at downloade og installere Astronaut-appen, og spillerne kan v\u00e6lge mellem demo-tilstand til \u00f8velse eller skifte til tilstand med rigtige penge, n\u00e5r de har oprettet en konto og foretaget en indbetaling.<\/p><\/div><\/div><div class=\"wp-block-uagb-faq-child uagb-faq-child__outer-wrap uagb-faq-item uagb-block-65d47a63 \" role=\"tab\" tabindex=\"0\"><div class=\"uagb-faq-questions-button uagb-faq-questions\">\t\t\t<span class=\"uagb-icon uagb-faq-icon-wrap\">\n\t\t\t\t\t\t\t\t<svg xmlns=\"https:\/\/www.w3.org\/2000\/svg\" viewBox= \"0 0 448 512\"><path d=\"M432 256c0 17.69-14.33 32.01-32 32.01H256v144c0 17.69-14.33 31.99-32 31.99s-32-14.3-32-31.99v-144H48c-17.67 0-32-14.32-32-32.01s14.33-31.99 32-31.99H192v-144c0-17.69 14.33-32.01 32-32.01s32 14.32 32 32.01v144h144C417.7 224 432 238.3 432 256z\"><\/path><\/svg>\n\t\t\t\t\t\t\t<\/span>\n\t\t\t\t\t\t<span class=\"uagb-icon-active uagb-faq-icon-wrap\">\n\t\t\t\t\t\t\t\t<svg xmlns=\"https:\/\/www.w3.org\/2000\/svg\" viewBox= \"0 0 448 512\"><path d=\"M400 288h-352c-17.69 0-32-14.32-32-32.01s14.31-31.99 32-31.99h352c17.69 0 32 14.3 32 31.99S417.7 288 400 288z\"><\/path><\/svg>\n\t\t\t\t\t\t\t<\/span>\n\t\t\t<span class=\"uagb-question\">Kan jeg spille Astronaut 100HP for rigtige penge i appen?<\/span><\/div><div class=\"uagb-faq-content\"><p>Absolut. Appen underst\u00f8tter spil med rigtige penge og tilbyder de samme indsatsgr\u00e6nser, multiplikatorer og hurtige udbetalinger som browserversionen, forudsat at du er registreret hos et licenseret partnercasino.<\/p><\/div><\/div><div class=\"wp-block-uagb-faq-child uagb-faq-child__outer-wrap uagb-faq-item uagb-block-ef5c31e4 \" role=\"tab\" tabindex=\"0\"><div class=\"uagb-faq-questions-button uagb-faq-questions\">\t\t\t<span class=\"uagb-icon uagb-faq-icon-wrap\">\n\t\t\t\t\t\t\t\t<svg xmlns=\"https:\/\/www.w3.org\/2000\/svg\" viewBox= \"0 0 448 512\"><path d=\"M432 256c0 17.69-14.33 32.01-32 32.01H256v144c0 17.69-14.33 31.99-32 31.99s-32-14.3-32-31.99v-144H48c-17.67 0-32-14.32-32-32.01s14.33-31.99 32-31.99H192v-144c0-17.69 14.33-32.01 32-32.01s32 14.32 32 32.01v144h144C417.7 224 432 238.3 432 256z\"><\/path><\/svg>\n\t\t\t\t\t\t\t<\/span>\n\t\t\t\t\t\t<span class=\"uagb-icon-active uagb-faq-icon-wrap\">\n\t\t\t\t\t\t\t\t<svg xmlns=\"https:\/\/www.w3.org\/2000\/svg\" viewBox= \"0 0 448 512\"><path d=\"M400 288h-352c-17.69 0-32-14.32-32-32.01s14.31-31.99 32-31.99h352c17.69 0 32 14.3 32 31.99S417.7 288 400 288z\"><\/path><\/svg>\n\t\t\t\t\t\t\t<\/span>\n\t\t\t<span class=\"uagb-question\">Er der nogen bonusser, der kun g\u00e6lder for mobilen i Astronaut-appen?<\/span><\/div><div class=\"uagb-faq-content\"><p>Nogle partnercasinoer tilbyder eksklusive kampagner, der kun g\u00e6lder for mobil, s\u00e5som gratis v\u00e6ddem\u00e5l, indskudsbonusser eller cashback-bonusser, som du kan g\u00f8re krav p\u00e5, n\u00e5r du downloader og spiller via Astronaut-appen.<\/p><\/div><\/div><\/div>\n\n\n<p><\/p>\n","protected":false},"excerpt":{"rendered":"<p>Download Astronaut Game App til Android og iOS Astronaut Crash Game-appen giver spillere p\u00e5 Android og iOS en fordybende spiloplevelse med rumtema. Uanset om du udforsker spillet for sjov eller sigter mod gevinster med rigtige penge, leverer appen hurtig ydeevne, grafik i h\u00f8j kvalitet og responsive kontroller. Download Astronaut-appen i dag, og start dit interstellare&hellip;&nbsp;<a href=\"https:\/\/astronauts.games\/nl\/app\/\" rel=\"bookmark\">Read More &raquo;<span class=\"screen-reader-text\">Download Astronaut Game App for Android &amp; iOS<\/span><\/a><\/p>\n","protected":false},"author":1,"featured_media":0,"parent":0,"menu_order":0,"comment_status":"closed","ping_status":"closed","template":"","meta":{"_uag_custom_page_level_css":"","neve_meta_sidebar":"","neve_meta_container":"","neve_meta_enable_content_width":"","neve_meta_content_width":0,"neve_meta_title_alignment":"","neve_meta_author_avatar":"","neve_post_elements_order":"","neve_meta_disable_header":"","neve_meta_disable_footer":"","neve_meta_disable_title":"on","neve_meta_reading_time":"","footnotes":""},"class_list":["post-742","page","type-page","status-publish","hentry"],"acf":[],"uagb_featured_image_src":{"full":false,"thumbnail":false,"medium":false,"medium_large":false,"large":false,"1536x1536":false,"2048x2048":false,"neve-blog":false},"uagb_author_info":{"display_name":"leadscount.team@gmail.com","author_link":"https:\/\/astronauts.games\/nl\/author\/leadscount-teamgmail-com\/"},"uagb_comment_info":0,"uagb_excerpt":"Download Astronaut Game App til Android og iOS Astronaut Crash Game-appen giver spillere p\u00e5 Android og iOS en fordybende spiloplevelse med rumtema. Uanset om du udforsker spillet for sjov eller sigter mod gevinster med rigtige penge, leverer appen hurtig ydeevne, grafik i h\u00f8j kvalitet og responsive kontroller. Download Astronaut-appen i dag, og start dit interstellare&hellip;&nbsp;Read&hellip;","_links":{"self":[{"href":"https:\/\/astronauts.games\/nl\/wp-json\/wp\/v2\/pages\/742","targetHints":{"allow":["GET"]}}],"collection":[{"href":"https:\/\/astronauts.games\/nl\/wp-json\/wp\/v2\/pages"}],"about":[{"href":"https:\/\/astronauts.games\/nl\/wp-json\/wp\/v2\/types\/page"}],"author":[{"embeddable":true,"href":"https:\/\/astronauts.games\/nl\/wp-json\/wp\/v2\/users\/1"}],"replies":[{"embeddable":true,"href":"https:\/\/astronauts.games\/nl\/wp-json\/wp\/v2\/comments?post=742"}],"version-history":[{"count":1,"href":"https:\/\/astronauts.games\/nl\/wp-json\/wp\/v2\/pages\/742\/revisions"}],"predecessor-version":[{"id":744,"href":"https:\/\/astronauts.games\/nl\/wp-json\/wp\/v2\/pages\/742\/revisions\/744"}],"wp:attachment":[{"href":"https:\/\/astronauts.games\/nl\/wp-json\/wp\/v2\/media?parent=742"}],"curies":[{"name":"wp","href":"https:\/\/api.w.org\/{rel}","templated":true}]}}