{"id":762,"date":"2025-07-20T07:24:03","date_gmt":"2025-07-20T07:24:03","guid":{"rendered":"https:\/\/astronauts.games\/?page_id=762"},"modified":"2025-10-21T11:59:37","modified_gmt":"2025-10-21T11:59:37","slug":"demo","status":"publish","type":"page","link":"https:\/\/astronauts.games\/it\/demo\/","title":{"rendered":"Astronaut (100HP Gaming) Game Demo Mode"},"content":{"rendered":"\n<h1 class=\"wp-block-heading\">Demo di Astronaut Crash Game<\/h1>\n\n\n\t\n\n<div class=\"wp-block-cover\">\n  <!-- \u0424\u043e\u043d\u043e\u0432\u043e\u0435 \u0438\u0437\u043e\u0431\u0440\u0430\u0436\u0435\u043d\u0438\u0435 \u043a\u0430\u043a <img> -->\n  <img loading=\"lazy\"\n    decoding=\"async\"\n    width=\"1024\"\n    height=\"574\"\n    class=\"wp-block-cover__image-background wp-image-1160\"\n    src=\"https:\/\/astronauts.games\/wp-content\/uploads\/2025\/11\/astronaut_game-e1762857105423.webp\"\n    data-object-fit=\"cover\"\n    srcset=\"\n      https:\/\/astronauts.games\/wp-content\/uploads\/2025\/11\/astronaut_game-e1762857105423.webp 1024w,\n      https:\/\/astronauts.games\/wp-content\/uploads\/2025\/11\/astronaut_game-e1762857105423.webp 300w,\n      https:\/\/astronauts.games\/wp-content\/uploads\/2025\/11\/astronaut_game-e1762857105423.webp 768w,\n      https:\/\/astronauts.games\/wp-content\/uploads\/2025\/11\/astronaut_game-e1762857105423.webp 1200w\n    \"\n    sizes=\"auto, (max-width: 1024px) 100vw, 1024px\"\n  \/>\n  <!-- \u041a\u043e\u043d\u0442\u0435\u0439\u043d\u0435\u0440 \u0441 \u043a\u043d\u043e\u043f\u043a\u0430\u043c\u0438 -->\n  <div class=\"wp-block-cover__inner-container is-layout-flow wp-block-cover-is-layout-flow\">\n\n\n<div class=\"popup-demo\" data-popup-id=\"222\"\n     data-overlay-enabled=\"0\"\n     data-overlay-time=\"0\"\n     data-overlay-button-text=\"\"\n     data-overlay-button-color=\"\"\n     data-overlay-button-text-color=\"\"\n     data-overlay-button-hover-color=\"\"\n     data-overlay-button-hover-text-color=\"\"\n     data-overlay-button-link=\"\"\n     data-overlay-continue-button-text=\"\"\n     data-overlay-continue-button-color=\"\"\n     data-overlay-continue-button-text-color=\"\"\n     data-overlay-continue-button-hover-color=\"\"\n     data-overlay-continue-button-hover-text-color=\"\"\n     data-casino1-logo=\"\"\n     data-casino1-name=\"\"\n     data-casino1-bonus=\"\"\n     data-casino1-button-text=\"\"\n     data-casino1-link=\"\"\n     data-card-background-color=\"\"\n     data-button-color=\"\"\n     data-button-hover-color=\"\"\n     data-bonus-text-color=\"\"\n     data-bg-image=\"https:\/\/astronauts.games\/wp-content\/uploads\/2025\/11\/astronaut_game-e1762857105423.webp\">\n\t\n\t<div class=\"style1\">\n                    <button class=\"link-button\" data-casino-link=\"\/go-to\/\"\n                    onclick=\"ym(, 'reachGoal', 'link-button-222'); return true;\">\n                    PLAY FOR REAL MONEY            <\/button>\n                <button class=\"play-button\" data-demo-link=\"https:\/\/casino.100hp.game\/astronaut-second-chance?id=01980fbf-2da1-7237-81b0-56eb887b5c5f\"\n                onclick=\"ym(, 'reachGoal', 'play-button-222'); return true;\">\n                PLAY DEMO        <\/button>\n    <\/div>\n<\/div>\n<div id=\"popup-222\" class=\"popup\" style=\"display:none;\">\n    <div class=\"popup-content\">\n        <iframe loading=\"lazy\" class=\"popup-iframe\" src=\"\" width=\"100%\" height=\"100%\" frameborder=\"0\" scrolling=\"none\" allowfullscreen><\/iframe>\n        <button class=\"reload-iframe\" title=\"Reload\" style=\"background: none; border: none; cursor: pointer;\">\n            <img loading=\"lazy\" decoding=\"async\" src=\"https:\/\/astronauts.games\/wp-content\/plugins\/demo-popup-main\/img\/reload.png\" alt=\"Reload\" width=\"24\" height=\"24\" \/>\n        <\/button>\n        <button class=\"close-popup\" title=\"Close\" style=\"background: none; border: none; cursor: pointer;\">\n            <img loading=\"lazy\" decoding=\"async\" src=\"https:\/\/astronauts.games\/wp-content\/plugins\/demo-popup-main\/img\/close.png\" alt=\"Close\" width=\"24\" height=\"24\" \/>\n        <\/button>\n    <\/div>\n<\/div>\n\t<\/div>\n\t<\/div>\n    \n\n\n\n<p>Astronaut \u00e8 il pi\u00f9 recente crash game in stile arcade sviluppato da 100HP Gaming, un provider specializzato in giochi basati su criptovalute. Lanciato nel mese di marzo, \u00e8 ora disponibile in diversi casin\u00f2 partner. Per chi desidera provarlo senza rischi, la modalit\u00e0 demo rappresenta il modo ideale per scoprire questa esperienza di scommessa spaziale.<\/p>\n\n\n\n<h2 class=\"wp-block-heading\">Pro e Contro di Astronaut di 100HP Gaming<\/h2>\n\n\n\n<h3 class=\"wp-block-heading\">Vantaggi<\/h3>\n\n\n\n<ul class=\"wp-block-list\">\n<li>Due Stazioni di Puntata per round, che offrono maggiore flessibilit\u00e0 e possibilit\u00e0 di gestire pi\u00f9 scommesse contemporaneamente.<\/li>\n\n\n\n<li>Funzioni Autobet e Autowithdrawal per un gameplay completamente automatizzato.<\/li>\n\n\n\n<li>Statistiche e Chat in Tempo Reale per seguire l\u2019andamento della partita e interagire con altri giocatori.<\/li>\n\n\n\n<li>Limiti di Puntata Elevati \u2013 fino a $150 per stazione in ogni round.<\/li>\n\n\n\n<li>Alto Potenziale di Vincita \u2013 premi fino a $10.000 in una singola sessione.<\/li>\n\n\n\n<li>RTP del 97% \u2013 percentuale di ritorno al giocatore molto competitiva.<\/li>\n<\/ul>\n\n\n\n<h3 class=\"wp-block-heading\">Svantaggi<\/h3>\n\n\n\n<ul class=\"wp-block-list\">\n<li>Il gameplay pu\u00f2 sembrare simile ad altri crash game, pur offrendo elementi innovativi rispetto alle meccaniche tradizionali.<\/li>\n\n\n\n<li>Mancano bonus aggiuntivi come free spin o jackpot, un aspetto che pu\u00f2 deludere chi cerca funzioni extra.<\/li>\n<\/ul>\n\n\n\n<p>La versione demo consente ai giocatori di esplorare le meccaniche e le funzioni di Astronaut senza utilizzare denaro reale, rappresentando un\u2019ottima opportunit\u00e0 per comprendere ritmo e volatilit\u00e0 del gioco prima di passare alle puntate con soldi veri.<\/p>\n","protected":false},"excerpt":{"rendered":"<p>Demo di Astronaut Crash Game Astronaut \u00e8 il pi\u00f9 recente crash game in stile arcade sviluppato da 100HP Gaming, un provider specializzato in giochi basati su criptovalute. Lanciato nel mese di marzo, \u00e8 ora disponibile in diversi casin\u00f2 partner. Per chi desidera provarlo senza rischi, la modalit\u00e0 demo rappresenta il modo ideale per scoprire questa&hellip;&nbsp;<a href=\"https:\/\/astronauts.games\/it\/demo\/\" rel=\"bookmark\">Read More &raquo;<span class=\"screen-reader-text\">Astronaut (100HP Gaming) Game Demo Mode<\/span><\/a><\/p>\n","protected":false},"author":1,"featured_media":0,"parent":0,"menu_order":0,"comment_status":"closed","ping_status":"closed","template":"","meta":{"_uag_custom_page_level_css":"","neve_meta_sidebar":"","neve_meta_container":"","neve_meta_enable_content_width":"","neve_meta_content_width":0,"neve_meta_title_alignment":"","neve_meta_author_avatar":"","neve_post_elements_order":"","neve_meta_disable_header":"","neve_meta_disable_footer":"","neve_meta_disable_title":"on","neve_meta_reading_time":"","footnotes":""},"class_list":["post-762","page","type-page","status-publish","hentry"],"acf":[],"uagb_featured_image_src":{"full":false,"thumbnail":false,"medium":false,"medium_large":false,"large":false,"1536x1536":false,"2048x2048":false,"neve-blog":false},"uagb_author_info":{"display_name":"leadscount.team@gmail.com","author_link":"https:\/\/astronauts.games\/it\/author\/leadscount-teamgmail-com\/"},"uagb_comment_info":0,"uagb_excerpt":"Demo di Astronaut Crash Game Astronaut \u00e8 il pi\u00f9 recente crash game in stile arcade sviluppato da 100HP Gaming, un provider specializzato in giochi basati su criptovalute. Lanciato nel mese di marzo, \u00e8 ora disponibile in diversi casin\u00f2 partner. Per chi desidera provarlo senza rischi, la modalit\u00e0 demo rappresenta il modo ideale per scoprire questa&hellip;&nbsp;Read&hellip;","_links":{"self":[{"href":"https:\/\/astronauts.games\/it\/wp-json\/wp\/v2\/pages\/762","targetHints":{"allow":["GET"]}}],"collection":[{"href":"https:\/\/astronauts.games\/it\/wp-json\/wp\/v2\/pages"}],"about":[{"href":"https:\/\/astronauts.games\/it\/wp-json\/wp\/v2\/types\/page"}],"author":[{"embeddable":true,"href":"https:\/\/astronauts.games\/it\/wp-json\/wp\/v2\/users\/1"}],"replies":[{"embeddable":true,"href":"https:\/\/astronauts.games\/it\/wp-json\/wp\/v2\/comments?post=762"}],"version-history":[{"count":1,"href":"https:\/\/astronauts.games\/it\/wp-json\/wp\/v2\/pages\/762\/revisions"}],"predecessor-version":[{"id":763,"href":"https:\/\/astronauts.games\/it\/wp-json\/wp\/v2\/pages\/762\/revisions\/763"}],"wp:attachment":[{"href":"https:\/\/astronauts.games\/it\/wp-json\/wp\/v2\/media?parent=762"}],"curies":[{"name":"wp","href":"https:\/\/api.w.org\/{rel}","templated":true}]}}