{"id":758,"date":"2025-07-20T07:24:03","date_gmt":"2025-07-20T07:24:03","guid":{"rendered":"https:\/\/astronauts.games\/?page_id=758"},"modified":"2025-10-21T12:00:36","modified_gmt":"2025-10-21T12:00:36","slug":"demo","status":"publish","type":"page","link":"https:\/\/astronauts.games\/fr\/demo\/","title":{"rendered":"Astronaut (100HP Gaming) Game Demo Mode"},"content":{"rendered":"\n<h1 class=\"wp-block-heading\">Astronaut Crash Jeu Mode D\u00e9mo<\/h1>\n\n\n\t\n\n<div class=\"wp-block-cover\">\n  <!-- \u0424\u043e\u043d\u043e\u0432\u043e\u0435 \u0438\u0437\u043e\u0431\u0440\u0430\u0436\u0435\u043d\u0438\u0435 \u043a\u0430\u043a <img> -->\n  <img loading=\"lazy\"\n    decoding=\"async\"\n    width=\"1024\"\n    height=\"574\"\n    class=\"wp-block-cover__image-background wp-image-1160\"\n    src=\"https:\/\/astronauts.games\/wp-content\/uploads\/2025\/11\/astronaut_game-e1762857105423.webp\"\n    data-object-fit=\"cover\"\n    srcset=\"\n      https:\/\/astronauts.games\/wp-content\/uploads\/2025\/11\/astronaut_game-e1762857105423.webp 1024w,\n      https:\/\/astronauts.games\/wp-content\/uploads\/2025\/11\/astronaut_game-e1762857105423.webp 300w,\n      https:\/\/astronauts.games\/wp-content\/uploads\/2025\/11\/astronaut_game-e1762857105423.webp 768w,\n      https:\/\/astronauts.games\/wp-content\/uploads\/2025\/11\/astronaut_game-e1762857105423.webp 1200w\n    \"\n    sizes=\"auto, (max-width: 1024px) 100vw, 1024px\"\n  \/>\n  <!-- \u041a\u043e\u043d\u0442\u0435\u0439\u043d\u0435\u0440 \u0441 \u043a\u043d\u043e\u043f\u043a\u0430\u043c\u0438 -->\n  <div class=\"wp-block-cover__inner-container is-layout-flow wp-block-cover-is-layout-flow\">\n\n\n<div class=\"popup-demo\" data-popup-id=\"222\"\n     data-overlay-enabled=\"0\"\n     data-overlay-time=\"0\"\n     data-overlay-button-text=\"\"\n     data-overlay-button-color=\"\"\n     data-overlay-button-text-color=\"\"\n     data-overlay-button-hover-color=\"\"\n     data-overlay-button-hover-text-color=\"\"\n     data-overlay-button-link=\"\"\n     data-overlay-continue-button-text=\"\"\n     data-overlay-continue-button-color=\"\"\n     data-overlay-continue-button-text-color=\"\"\n     data-overlay-continue-button-hover-color=\"\"\n     data-overlay-continue-button-hover-text-color=\"\"\n     data-casino1-logo=\"\"\n     data-casino1-name=\"\"\n     data-casino1-bonus=\"\"\n     data-casino1-button-text=\"\"\n     data-casino1-link=\"\"\n     data-card-background-color=\"\"\n     data-button-color=\"\"\n     data-button-hover-color=\"\"\n     data-bonus-text-color=\"\"\n     data-bg-image=\"https:\/\/astronauts.games\/wp-content\/uploads\/2025\/11\/astronaut_game-e1762857105423.webp\">\n\t\n\t<div class=\"style1\">\n                    <button class=\"link-button\" data-casino-link=\"\/go-to\/\"\n                    onclick=\"ym(, 'reachGoal', 'link-button-222'); return true;\">\n                    PLAY FOR REAL MONEY            <\/button>\n                <button class=\"play-button\" data-demo-link=\"https:\/\/casino.100hp.game\/astronaut-second-chance?id=01980fbf-2da1-7237-81b0-56eb887b5c5f\"\n                onclick=\"ym(, 'reachGoal', 'play-button-222'); return true;\">\n                PLAY DEMO        <\/button>\n    <\/div>\n<\/div>\n<div id=\"popup-222\" class=\"popup\" style=\"display:none;\">\n    <div class=\"popup-content\">\n        <iframe loading=\"lazy\" class=\"popup-iframe\" src=\"\" width=\"100%\" height=\"100%\" frameborder=\"0\" scrolling=\"none\" allowfullscreen><\/iframe>\n        <button class=\"reload-iframe\" title=\"Reload\" style=\"background: none; border: none; cursor: pointer;\">\n            <img loading=\"lazy\" decoding=\"async\" src=\"https:\/\/astronauts.games\/wp-content\/plugins\/demo-popup-main\/img\/reload.png\" alt=\"Reload\" width=\"24\" height=\"24\" \/>\n        <\/button>\n        <button class=\"close-popup\" title=\"Close\" style=\"background: none; border: none; cursor: pointer;\">\n            <img loading=\"lazy\" decoding=\"async\" src=\"https:\/\/astronauts.games\/wp-content\/plugins\/demo-popup-main\/img\/close.png\" alt=\"Close\" width=\"24\" height=\"24\" \/>\n        <\/button>\n    <\/div>\n<\/div>\n\t<\/div>\n\t<\/div>\n    \n\n\n\n<p>Astronaut est le tout nouveau jeu de type crash d\u00e9velopp\u00e9 par 100HP Gaming, un studio reconnu pour ses solutions de pari ax\u00e9es sur la crypto. Lanc\u00e9 en mars, ce titre est d\u00e9sormais disponible dans plusieurs casinos partenaires. Pour les joueurs souhaitant d\u00e9couvrir cette exp\u00e9rience cosmique sans risque financier, le mode d\u00e9mo repr\u00e9sente une excellente option pour explorer les m\u00e9caniques et le rythme du jeu.<\/p>\n\n\n\n<h2 class=\"wp-block-heading\">Avantages et inconv\u00e9nients d\u2019Astronaut par 100HP Gaming<\/h2>\n\n\n\n<h3 class=\"wp-block-heading\">Avantages<\/h3>\n\n\n\n<ul class=\"wp-block-list\">\n<li>Deux stations de mise par manche, offrant une flexibilit\u00e9 accrue et la possibilit\u00e9 de diversifier ses paris.<\/li>\n\n\n\n<li>Fonctions Autobet et Autowithdrawal pour un jeu enti\u00e8rement automatis\u00e9.<\/li>\n\n\n\n<li>Statistiques en direct et chat int\u00e9gr\u00e9 pour suivre le d\u00e9roulement des tours et interagir avec les autres joueurs.<\/li>\n\n\n\n<li>Limites de mise \u00e9lev\u00e9es \u2013 jusqu\u2019\u00e0 150 $ par station et par manche.<\/li>\n\n\n\n<li>Fort potentiel de gain \u2013 jusqu\u2019\u00e0 10 000 $ en une seule partie.<\/li>\n\n\n\n<li>RTP de 97 %, parmi les meilleurs du segment crash.<\/li>\n<\/ul>\n\n\n\n<h3 class=\"wp-block-heading\">Inconv\u00e9nients<\/h3>\n\n\n\n<ul class=\"wp-block-list\">\n<li>Une sensation de jeu proche d\u2019autres titres crash, malgr\u00e9 plusieurs innovations m\u00e9caniques.<\/li>\n\n\n\n<li>Absence de bonus tels que les tours gratuits ou jackpots, ce qui peut d\u00e9plaire \u00e0 certains joueurs en qu\u00eate de fonctionnalit\u00e9s additionnelles.<\/li>\n<\/ul>\n\n\n\n<p>Le mode d\u00e9mo permet de s\u2019initier au gameplay d\u2019Astronaut sans engager de fonds r\u00e9els. C\u2019est une option id\u00e9ale pour comprendre la vitesse du jeu, tester ses outils sp\u00e9ciaux et \u00e9valuer la volatilit\u00e9 avant de jouer en argent r\u00e9el.<\/p>\n","protected":false},"excerpt":{"rendered":"<p>Astronaut Crash Jeu Mode D\u00e9mo Astronaut est le tout nouveau jeu de type crash d\u00e9velopp\u00e9 par 100HP Gaming, un studio reconnu pour ses solutions de pari ax\u00e9es sur la crypto. Lanc\u00e9 en mars, ce titre est d\u00e9sormais disponible dans plusieurs casinos partenaires. Pour les joueurs souhaitant d\u00e9couvrir cette exp\u00e9rience cosmique sans risque financier, le mode&hellip;&nbsp;<a href=\"https:\/\/astronauts.games\/fr\/demo\/\" rel=\"bookmark\">Read More &raquo;<span class=\"screen-reader-text\">Astronaut (100HP Gaming) Game Demo Mode<\/span><\/a><\/p>\n","protected":false},"author":1,"featured_media":0,"parent":0,"menu_order":0,"comment_status":"closed","ping_status":"closed","template":"","meta":{"_uag_custom_page_level_css":"","neve_meta_sidebar":"","neve_meta_container":"","neve_meta_enable_content_width":"","neve_meta_content_width":0,"neve_meta_title_alignment":"","neve_meta_author_avatar":"","neve_post_elements_order":"","neve_meta_disable_header":"","neve_meta_disable_footer":"","neve_meta_disable_title":"on","neve_meta_reading_time":"","footnotes":""},"class_list":["post-758","page","type-page","status-publish","hentry"],"acf":[],"uagb_featured_image_src":{"full":false,"thumbnail":false,"medium":false,"medium_large":false,"large":false,"1536x1536":false,"2048x2048":false,"neve-blog":false},"uagb_author_info":{"display_name":"leadscount.team@gmail.com","author_link":"https:\/\/astronauts.games\/fr\/author\/leadscount-teamgmail-com\/"},"uagb_comment_info":0,"uagb_excerpt":"Astronaut Crash Jeu Mode D\u00e9mo Astronaut est le tout nouveau jeu de type crash d\u00e9velopp\u00e9 par 100HP Gaming, un studio reconnu pour ses solutions de pari ax\u00e9es sur la crypto. Lanc\u00e9 en mars, ce titre est d\u00e9sormais disponible dans plusieurs casinos partenaires. Pour les joueurs souhaitant d\u00e9couvrir cette exp\u00e9rience cosmique sans risque financier, le mode&hellip;&nbsp;Read\u2026","_links":{"self":[{"href":"https:\/\/astronauts.games\/fr\/wp-json\/wp\/v2\/pages\/758","targetHints":{"allow":["GET"]}}],"collection":[{"href":"https:\/\/astronauts.games\/fr\/wp-json\/wp\/v2\/pages"}],"about":[{"href":"https:\/\/astronauts.games\/fr\/wp-json\/wp\/v2\/types\/page"}],"author":[{"embeddable":true,"href":"https:\/\/astronauts.games\/fr\/wp-json\/wp\/v2\/users\/1"}],"replies":[{"embeddable":true,"href":"https:\/\/astronauts.games\/fr\/wp-json\/wp\/v2\/comments?post=758"}],"version-history":[{"count":1,"href":"https:\/\/astronauts.games\/fr\/wp-json\/wp\/v2\/pages\/758\/revisions"}],"predecessor-version":[{"id":759,"href":"https:\/\/astronauts.games\/fr\/wp-json\/wp\/v2\/pages\/758\/revisions\/759"}],"wp:attachment":[{"href":"https:\/\/astronauts.games\/fr\/wp-json\/wp\/v2\/media?parent=758"}],"curies":[{"name":"wp","href":"https:\/\/api.w.org\/{rel}","templated":true}]}}