{"id":757,"date":"2025-07-20T07:22:40","date_gmt":"2025-07-20T07:22:40","guid":{"rendered":"https:\/\/astronauts.games\/?page_id=757"},"modified":"2025-10-21T11:58:16","modified_gmt":"2025-10-21T11:58:16","slug":"app","status":"publish","type":"page","link":"https:\/\/astronauts.games\/fr\/app\/","title":{"rendered":"Download Astronaut Game App for Android &amp; iOS"},"content":{"rendered":"\n<div class=\"wp-block-columns is-layout-flex wp-container-core-columns-is-layout-bca183f0 wp-block-columns-is-layout-flex\" style=\"padding-top:var(--wp--preset--spacing--40);padding-bottom:0\">\n<div class=\"wp-block-column is-layout-flow wp-block-column-is-layout-flow\">\n<h1 class=\"wp-block-heading\" id=\"aviator-game-in-nigeria\">T\u00e9l\u00e9charger l\u2019application Astronaut pour Android et iOS<\/h1>\n\n\n\n<p>L\u2019application Astronaut Crash Game offre une exp\u00e9rience de pari immersive au design spatial, disponible sur Android et iOS. Que vous jouiez pour le plaisir ou pour remporter de vrais gains, l\u2019app propose des performances rapides, des graphismes de haute qualit\u00e9 et des commandes tactiles r\u00e9actives. T\u00e9l\u00e9chargez d\u00e8s aujourd\u2019hui l\u2019application Astronaut et commencez votre aventure interstellaire.<\/p>\n\n\n\n<div class=\"wp-block-buttons is-content-justification-center is-layout-flex wp-container-core-buttons-is-layout-16018d1d wp-block-buttons-is-layout-flex\">\n<div class=\"wp-block-button has-custom-width wp-block-button__width-75\"><a class=\"wp-block-button__link has-nv-text-dark-bg-color has-neve-link-hover-color-background-color has-text-color has-background has-link-color has-medium-font-size has-custom-font-size wp-element-button\" href=\"\/go-to\/\" style=\"border-style:none;border-width:0px;border-radius:125px\" target=\"_blank\" rel=\" noreferrer noopener nofollow\">Play Astronaut Game<\/a><\/div>\n<\/div>\n<\/div>\n\n\n\n<div class=\"wp-block-column is-layout-flow wp-block-column-is-layout-flow\">\n<figure class=\"wp-block-image size-large\"><img decoding=\"async\" src=\"https:\/\/skyblue-goldfish-281207.hostingersite.com\/wp-content\/uploads\/2025\/07\/Screenshot_1-1024x511.png\" alt=\"\" class=\"wp-image-327\"><\/figure>\n<\/div>\n<\/div>\n\n\n\n<figure class=\"wp-block-table\"><table class=\"has-fixed-layout\"><tbody><tr><td>Param\u00e8tre<\/td><td>Description<\/td><\/tr><tr><td>Version Android requise<\/td><td>6.0 ou sup\u00e9rieure<\/td><\/tr><tr><td>Version iOS requise<\/td><td>12.0 ou sup\u00e9rieure<\/td><\/tr><tr><td>Taille du fichier APK<\/td><td>Environ 35 Mo<\/td><\/tr><tr><td>Connexion Internet<\/td><td>Requise<\/td><\/tr><tr><td>Mise minimale<\/td><td>0,10 \u20ac<\/td><\/tr><tr><td>Mise maximale<\/td><td>10 000 \u20ac<\/td><\/tr><tr><td>Jeu en argent r\u00e9el<\/td><td>Oui<\/td><\/tr><tr><td>Mode d\u00e9mo gratuit<\/td><td>Oui<\/td><\/tr><tr><td>Bonus int\u00e9gr\u00e9s<\/td><td>Oui<\/td><\/tr><tr><td>Qualit\u00e9 graphique<\/td><td>3D haute d\u00e9finition<\/td><\/tr><\/tbody><\/table><\/figure>\n\n\n\n<h2 class=\"wp-block-heading\">D\u00e9tails de l\u2019application Astronaut<\/h2>\n\n\n\n<p>D\u00e9velopp\u00e9 par 100HP Gaming, le jeu Astronaut est con\u00e7u avec la technologie HTML5, garantissant une compatibilit\u00e9 fluide sans installation lourde. Il fonctionne instantan\u00e9ment depuis votre navigateur web et s\u2019adapte \u00e0 diff\u00e9rents appareils :<\/p>\n\n\n\n<ul class=\"wp-block-list\">\n<li>Ordinateurs de bureau \u2013 Jouez directement via les navigateurs Chrome ou Firefox.<\/li>\n\n\n\n<li>Smartphones Android \u2013 Compatible avec une large gamme d\u2019appareils, y compris les mod\u00e8les de milieu de gamme.<\/li>\n\n\n\n<li>Appareils iOS \u2013 Fonctionne parfaitement sur iPhone et iPad, avec un ajustement automatique \u00e0 la taille de l\u2019\u00e9cran.<\/li>\n<\/ul>\n\n\n\n<p>Gr\u00e2ce \u00e0 cette flexibilit\u00e9, les joueurs peuvent profiter du jeu Astronaut Crash partout et \u00e0 tout moment, sans contrainte d\u2019espace de stockage ni probl\u00e8me de compatibilit\u00e9.<\/p>\n\n\n\n<h2 class=\"wp-block-heading\">T\u00e9l\u00e9chargement de l\u2019APK Astronaut pour Android<\/h2>\n\n\n\n<p>Le jeu Astronaut Crash Game peut \u00eatre facilement install\u00e9 sur les appareils Android via son fichier APK officiel. Avant de proc\u00e9der au t\u00e9l\u00e9chargement, assurez-vous que votre appareil r\u00e9pond aux exigences minimales indiqu\u00e9es ci-dessous.<\/p>\n\n\n\n<figure class=\"wp-block-table\"><table class=\"has-fixed-layout\"><tbody><tr><td>Caract\u00e9ristique<\/td><td>Exigence<\/td><\/tr><tr><td>Version Android<\/td><td>6.0 ou sup\u00e9rieure<\/td><\/tr><tr><td>M\u00e9moire RAM<\/td><td>Minimum 2 Go<\/td><\/tr><tr><td>Espace de stockage<\/td><td>35 Mo libres<\/td><\/tr><tr><td>Connexion Internet<\/td><td>Wi-Fi ou 4G requise<\/td><\/tr><\/tbody><\/table><\/figure>\n\n\n\n<h2 class=\"wp-block-heading\">Comment t\u00e9l\u00e9charger et installer l\u2019application Astronaut sur Android<\/h2>\n\n\n\n<p>L\u2019installation du fichier APK Astronaut est rapide et simple. Suivez ces \u00e9tapes pour commencer \u00e0 jouer :<\/p>\n\n\n\n<ol class=\"wp-block-list\">\n<li>T\u00e9l\u00e9charger le fichier APK \u2013 Rendez-vous sur le site officiel d\u2019un casino en ligne fiable et t\u00e9l\u00e9chargez directement le fichier Astronaut APK depuis leur plateforme mobile.<\/li>\n\n\n\n<li>Autoriser les installations tierces \u2013 Acc\u00e9dez \u00e0 Param\u00e8tres > S\u00e9curit\u00e9 > Sources inconnues et activez les installations provenant de sources externes. (Pensez \u00e0 d\u00e9sactiver cette option apr\u00e8s l\u2019installation pour plus de s\u00e9curit\u00e9.)<\/li>\n\n\n\n<li>Installer et lancer \u2013 Appuyez sur le fichier t\u00e9l\u00e9charg\u00e9, suivez les instructions \u00e0 l\u2019\u00e9cran, puis ouvrez l\u2019application pour commencer \u00e0 jouer imm\u00e9diatement.<\/li>\n<\/ol>\n\n\n\n<p>Une fois install\u00e9e, l\u2019application Astronaut offre la m\u00eame fluidit\u00e9 et les m\u00eames fonctionnalit\u00e9s que la version navigateur, avec des performances optimis\u00e9es pour Android et une interface adapt\u00e9e aux \u00e9crans tactiles.<\/p>\n\n\n\n<h2 class=\"wp-block-heading\">T\u00e9l\u00e9chargement d\u2019Astronaut pour iOS<\/h2>\n\n\n\n<p>Pour les utilisateurs d\u2019iPhone et d\u2019iPad, l\u2019acc\u00e8s \u00e0 Astronaut est encore plus simple. En raison de la r\u00e9glementation stricte d\u2019Apple concernant les applications de jeux d\u2019argent, la plupart des casinos pr\u00e9f\u00e8rent proposer le jeu via navigateur plut\u00f4t que par l\u2019App Store. Les plateformes licenci\u00e9es garantissent n\u00e9anmoins une exp\u00e9rience fluide, stable et s\u00e9curis\u00e9e.<\/p>\n\n\n\n<p>Gr\u00e2ce \u00e0 sa conception en HTML5, le jeu Astronaut Crash fonctionne parfaitement sur les navigateurs mobiles tels que Safari ou Chrome. Le jeu s\u2019ajuste automatiquement \u00e0 la taille de votre \u00e9cran et prend en charge les commandes tactiles, offrant ainsi une exp\u00e9rience compl\u00e8te sans installation. Cette approche permet \u00e9galement d\u2019\u00e9conomiser de l\u2019espace de stockage sur votre appareil.<\/p>\n\n\n\n<h2 class=\"wp-block-heading\">Principales caract\u00e9ristiques de l\u2019application Astronaut<\/h2>\n\n\n\n<p>L\u2019application Astronaut Crash Game garantit des performances optimales et une exp\u00e9rience fluide, que ce soit sur Android ou iOS. Ses fonctionnalit\u00e9s principales en font une option de r\u00e9f\u00e9rence pour le jeu crash mobile.<\/p>\n\n\n\n<ul class=\"wp-block-list\">\n<li>Faible consommation de batterie \u2013 Son moteur optimis\u00e9 permet de jouer plus longtemps sans vider rapidement la batterie.<\/li>\n\n\n\n<li>Utilisation r\u00e9duite des donn\u00e9es \u2013 La technologie d\u2019\u00e9conomie de donn\u00e9es permet un lancement rapide (environ 2 secondes m\u00eame sur une connexion 2G).<\/li>\n\n\n\n<li>Large compatibilit\u00e9 \u2013 Fonctionne sur de nombreuses versions d\u2019Android et d\u2019iOS, y compris les mod\u00e8les de milieu de gamme.<\/li>\n\n\n\n<li>Support multilingue \u2013 Disponible en anglais, hindi et dans d\u2019autres langues.<\/li>\n\n\n\n<li>Gameplay fluide \u2013 Animations en temps r\u00e9el, r\u00e9ponse tactile instantan\u00e9e et absence de latence pour une exp\u00e9rience de jeu continue et agr\u00e9able.<\/li>\n<\/ul>\n\n\n\n<h2 class=\"wp-block-heading\">S\u00e9curit\u00e9 des donn\u00e9es et t\u00e9l\u00e9chargements fiables<\/h2>\n\n\n\n<p>Pour installer l\u2019application Astronaut (APK Android ou version PC) en toute s\u00e9curit\u00e9, il est essentiel de la t\u00e9l\u00e9charger uniquement depuis le site officiel d\u2019un casino en ligne agr\u00e9\u00e9. Cette pr\u00e9caution prot\u00e8ge votre appareil contre les logiciels malveillants et garantit l\u2019utilisation d\u2019une version authentique et conforme du jeu.<\/p>\n\n\n\n<h3 class=\"wp-block-heading\">Proc\u00e9dure de t\u00e9l\u00e9chargement s\u00e9curis\u00e9<\/h3>\n\n\n\n<ol class=\"wp-block-list\">\n<li>Choisir un casino r\u00e9put\u00e9 \u2013 S\u00e9lectionnez un op\u00e9rateur licenci\u00e9 disposant de solides politiques de s\u00e9curit\u00e9 et de jeu \u00e9quitable.<\/li>\n\n\n\n<li>Visiter le site officiel \u2013 Utilisez uniquement des liens directs ; \u00e9vitez les sites tiers non v\u00e9rifi\u00e9s.<\/li>\n\n\n\n<li>Acc\u00e9der \u00e0 la section t\u00e9l\u00e9chargement \u2013 Recherchez une page d\u00e9di\u00e9e \u00e0 l\u2019application mobile ou un lien \u00ab Client de bureau \u00bb.<\/li>\n\n\n\n<li>Suivre les instructions \u2013 Le site vous guidera pas \u00e0 pas pour le t\u00e9l\u00e9chargement et l\u2019installation. Les utilisateurs Android peuvent devoir autoriser temporairement les installations de sources inconnues (d\u00e9sactivez cette option apr\u00e8s l\u2019installation).<\/li>\n\n\n\n<li>V\u00e9rifier la source \u2013 Contr\u00f4lez le nom de domaine pour vous assurer que le fichier provient bien du site officiel du casino.<\/li>\n<\/ol>\n\n\n\n<h3 class=\"wp-block-heading\">Pourquoi privil\u00e9gier les t\u00e9l\u00e9chargements officiels<\/h3>\n\n\n\n<p>T\u00e9l\u00e9charger le fichier APK Astronaut ou le client PC depuis une source v\u00e9rifi\u00e9e est indispensable pour garantir une exp\u00e9rience de jeu s\u00e9curis\u00e9e. Les t\u00e9l\u00e9chargements non officiels comportent plusieurs risques :<\/p>\n\n\n\n<ul class=\"wp-block-list\">\n<li>Logiciels malveillants et virus \u2013 Les APK tiers peuvent contenir des programmes dangereux pour votre appareil.<\/li>\n\n\n\n<li>Applications frauduleuses \u2013 Certaines copies peuvent voler vos informations personnelles ou bancaires.<\/li>\n\n\n\n<li>Faible performance \u2013 Les versions non optimis\u00e9es provoquent souvent des lenteurs, crashs ou erreurs de chargement.<\/li>\n\n\n\n<li>Absence de mises \u00e0 jour et d\u2019assistance \u2013 Seules les applications officielles b\u00e9n\u00e9ficient de correctifs et de support technique.<\/li>\n\n\n\n<li>Jeu non \u00e9quitable \u2013 Les applications pirates peuvent manipuler les r\u00e9sultats, supprimant toute garantie d\u2019\u00e9quit\u00e9.<\/li>\n<\/ul>\n\n\n\n<p>Pour une exp\u00e9rience optimale, privil\u00e9giez le jeu via navigateur sur les sites de casinos agr\u00e9\u00e9s ou t\u00e9l\u00e9chargez directement depuis leurs sources officielles. Cette m\u00e9thode assure une s\u00e9curit\u00e9 totale, un jeu \u00e9quitable et des performances optimales pour profiter pleinement du jeu Astronaut Crash.<\/p>\n\n\n\n<h2 class=\"wp-block-heading\">FAQ<\/h2>\n\n\n<div class=\"wp-block-uagb-faq uagb-faq__outer-wrap uagb-block-91c8c3ca uagb-faq-icon-row uagb-faq-layout-accordion uagb-faq-expand-first-true uagb-faq-inactive-other-true uagb-faq__wrap uagb-buttons-layout-wrap uagb-faq-equal-height     \" data-faqtoggle=\"true\" role=\"tablist\"><div class=\"wp-block-uagb-faq-child uagb-faq-child__outer-wrap uagb-faq-item uagb-block-27347e64 \" role=\"tab\" tabindex=\"0\"><div class=\"uagb-faq-questions-button uagb-faq-questions\">\t\t\t<span class=\"uagb-icon uagb-faq-icon-wrap\">\n\t\t\t\t\t\t\t\t<svg xmlns=\"https:\/\/www.w3.org\/2000\/svg\" viewBox= \"0 0 448 512\"><path d=\"M432 256c0 17.69-14.33 32.01-32 32.01H256v144c0 17.69-14.33 31.99-32 31.99s-32-14.3-32-31.99v-144H48c-17.67 0-32-14.32-32-32.01s14.33-31.99 32-31.99H192v-144c0-17.69 14.33-32.01 32-32.01s32 14.32 32 32.01v144h144C417.7 224 432 238.3 432 256z\"><\/path><\/svg>\n\t\t\t\t\t\t\t<\/span>\n\t\t\t\t\t\t<span class=\"uagb-icon-active uagb-faq-icon-wrap\">\n\t\t\t\t\t\t\t\t<svg xmlns=\"https:\/\/www.w3.org\/2000\/svg\" viewBox= \"0 0 448 512\"><path d=\"M400 288h-352c-17.69 0-32-14.32-32-32.01s14.31-31.99 32-31.99h352c17.69 0 32 14.3 32 31.99S417.7 288 400 288z\"><\/path><\/svg>\n\t\t\t\t\t\t\t<\/span>\n\t\t\t<span class=\"uagb-question\">Existe-t-il une application officielle Astronaut pour Android et iOS?<\/span><\/div><div class=\"uagb-faq-content\"><p>Oui, le jeu Astronaut Crash Game d\u00e9velopp\u00e9 par 100HP Gaming dispose d\u2019une application officielle disponible sur Android et iOS. Elle offre les m\u00eames fonctionnalit\u00e9s, options de mise et fluidit\u00e9 que la version de bureau.<\/p><\/div><\/div><div class=\"wp-block-uagb-faq-child uagb-faq-child__outer-wrap uagb-faq-item uagb-block-095c6f2c \" role=\"tab\" tabindex=\"0\"><div class=\"uagb-faq-questions-button uagb-faq-questions\">\t\t\t<span class=\"uagb-icon uagb-faq-icon-wrap\">\n\t\t\t\t\t\t\t\t<svg xmlns=\"https:\/\/www.w3.org\/2000\/svg\" viewBox= \"0 0 448 512\"><path d=\"M432 256c0 17.69-14.33 32.01-32 32.01H256v144c0 17.69-14.33 31.99-32 31.99s-32-14.3-32-31.99v-144H48c-17.67 0-32-14.32-32-32.01s14.33-31.99 32-31.99H192v-144c0-17.69 14.33-32.01 32-32.01s32 14.32 32 32.01v144h144C417.7 224 432 238.3 432 256z\"><\/path><\/svg>\n\t\t\t\t\t\t\t<\/span>\n\t\t\t\t\t\t<span class=\"uagb-icon-active uagb-faq-icon-wrap\">\n\t\t\t\t\t\t\t\t<svg xmlns=\"https:\/\/www.w3.org\/2000\/svg\" viewBox= \"0 0 448 512\"><path d=\"M400 288h-352c-17.69 0-32-14.32-32-32.01s14.31-31.99 32-31.99h352c17.69 0 32 14.3 32 31.99S417.7 288 400 288z\"><\/path><\/svg>\n\t\t\t\t\t\t\t<\/span>\n\t\t\t<span class=\"uagb-question\">Comment t\u00e9l\u00e9charger l\u2019application Astronaut sur mon appareil mobile?<\/span><\/div><div class=\"uagb-faq-content\"><p>Pour t\u00e9l\u00e9charger l\u2019application Astronaut, rendez-vous sur le site d\u2019un casino partenaire, ouvrez la section de t\u00e9l\u00e9chargement et choisissez la version adapt\u00e9e \u00e0 votre appareil : APK pour Android ou lien direct App Store pour iOS. Suivez les instructions d\u2019installation, autorisez les permissions n\u00e9cessaires et connectez-vous pour commencer \u00e0 jouer.<\/p><\/div><\/div><div class=\"wp-block-uagb-faq-child uagb-faq-child__outer-wrap uagb-faq-item uagb-block-95da3251 \" role=\"tab\" tabindex=\"0\"><div class=\"uagb-faq-questions-button uagb-faq-questions\">\t\t\t<span class=\"uagb-icon uagb-faq-icon-wrap\">\n\t\t\t\t\t\t\t\t<svg xmlns=\"https:\/\/www.w3.org\/2000\/svg\" viewBox= \"0 0 448 512\"><path d=\"M432 256c0 17.69-14.33 32.01-32 32.01H256v144c0 17.69-14.33 31.99-32 31.99s-32-14.3-32-31.99v-144H48c-17.67 0-32-14.32-32-32.01s14.33-31.99 32-31.99H192v-144c0-17.69 14.33-32.01 32-32.01s32 14.32 32 32.01v144h144C417.7 224 432 238.3 432 256z\"><\/path><\/svg>\n\t\t\t\t\t\t\t<\/span>\n\t\t\t\t\t\t<span class=\"uagb-icon-active uagb-faq-icon-wrap\">\n\t\t\t\t\t\t\t\t<svg xmlns=\"https:\/\/www.w3.org\/2000\/svg\" viewBox= \"0 0 448 512\"><path d=\"M400 288h-352c-17.69 0-32-14.32-32-32.01s14.31-31.99 32-31.99h352c17.69 0 32 14.3 32 31.99S417.7 288 400 288z\"><\/path><\/svg>\n\t\t\t\t\t\t\t<\/span>\n\t\t\t<span class=\"uagb-question\">L\u2019application Astronaut Crash Game est-elle gratuite?<\/span><\/div><div class=\"uagb-faq-content\"><p>Oui, le t\u00e9l\u00e9chargement et l\u2019installation de l\u2019application Astronaut sont enti\u00e8rement gratuits. Les joueurs peuvent choisir entre un mode d\u00e9mo pour s\u2019entra\u00eener ou un mode argent r\u00e9el apr\u00e8s la cr\u00e9ation d\u2019un compte et un premier d\u00e9p\u00f4t.<\/p><\/div><\/div><div class=\"wp-block-uagb-faq-child uagb-faq-child__outer-wrap uagb-faq-item uagb-block-65d47a63 \" role=\"tab\" tabindex=\"0\"><div class=\"uagb-faq-questions-button uagb-faq-questions\">\t\t\t<span class=\"uagb-icon uagb-faq-icon-wrap\">\n\t\t\t\t\t\t\t\t<svg xmlns=\"https:\/\/www.w3.org\/2000\/svg\" viewBox= \"0 0 448 512\"><path d=\"M432 256c0 17.69-14.33 32.01-32 32.01H256v144c0 17.69-14.33 31.99-32 31.99s-32-14.3-32-31.99v-144H48c-17.67 0-32-14.32-32-32.01s14.33-31.99 32-31.99H192v-144c0-17.69 14.33-32.01 32-32.01s32 14.32 32 32.01v144h144C417.7 224 432 238.3 432 256z\"><\/path><\/svg>\n\t\t\t\t\t\t\t<\/span>\n\t\t\t\t\t\t<span class=\"uagb-icon-active uagb-faq-icon-wrap\">\n\t\t\t\t\t\t\t\t<svg xmlns=\"https:\/\/www.w3.org\/2000\/svg\" viewBox= \"0 0 448 512\"><path d=\"M400 288h-352c-17.69 0-32-14.32-32-32.01s14.31-31.99 32-31.99h352c17.69 0 32 14.3 32 31.99S417.7 288 400 288z\"><\/path><\/svg>\n\t\t\t\t\t\t\t<\/span>\n\t\t\t<span class=\"uagb-question\">Puis-je jouer \u00e0 Astronaut 100HP en argent r\u00e9el via l\u2019application?<\/span><\/div><div class=\"uagb-faq-content\"><p>Absolument. L\u2019application prend en charge les mises en argent r\u00e9el avec les m\u00eames limites de paris, multiplicateurs et vitesses de retrait que la version navigateur, \u00e0 condition d\u2019\u00eatre inscrit sur un casino agr\u00e9\u00e9.<\/p><\/div><\/div><div class=\"wp-block-uagb-faq-child uagb-faq-child__outer-wrap uagb-faq-item uagb-block-ef5c31e4 \" role=\"tab\" tabindex=\"0\"><div class=\"uagb-faq-questions-button uagb-faq-questions\">\t\t\t<span class=\"uagb-icon uagb-faq-icon-wrap\">\n\t\t\t\t\t\t\t\t<svg xmlns=\"https:\/\/www.w3.org\/2000\/svg\" viewBox= \"0 0 448 512\"><path d=\"M432 256c0 17.69-14.33 32.01-32 32.01H256v144c0 17.69-14.33 31.99-32 31.99s-32-14.3-32-31.99v-144H48c-17.67 0-32-14.32-32-32.01s14.33-31.99 32-31.99H192v-144c0-17.69 14.33-32.01 32-32.01s32 14.32 32 32.01v144h144C417.7 224 432 238.3 432 256z\"><\/path><\/svg>\n\t\t\t\t\t\t\t<\/span>\n\t\t\t\t\t\t<span class=\"uagb-icon-active uagb-faq-icon-wrap\">\n\t\t\t\t\t\t\t\t<svg xmlns=\"https:\/\/www.w3.org\/2000\/svg\" viewBox= \"0 0 448 512\"><path d=\"M400 288h-352c-17.69 0-32-14.32-32-32.01s14.31-31.99 32-31.99h352c17.69 0 32 14.3 32 31.99S417.7 288 400 288z\"><\/path><\/svg>\n\t\t\t\t\t\t\t<\/span>\n\t\t\t<span class=\"uagb-question\">Existe-t-il des bonus exclusifs \u00e0 la version mobile?<\/span><\/div><div class=\"uagb-faq-content\"><p>Certains casinos partenaires proposent des promotions exclusives aux utilisateurs mobiles, telles que des paris gratuits, bonus de d\u00e9p\u00f4t ou offres cashback, disponibles uniquement via l\u2019application Astronaut.<\/p><\/div><\/div><\/div>","protected":false},"excerpt":{"rendered":"<p>T\u00e9l\u00e9charger l\u2019application Astronaut pour Android et iOS L\u2019application Astronaut Crash Game offre une exp\u00e9rience de pari immersive au design spatial, disponible sur Android et iOS. Que vous jouiez pour le plaisir ou pour remporter de vrais gains, l\u2019app propose des performances rapides, des graphismes de haute qualit\u00e9 et des commandes tactiles r\u00e9actives. T\u00e9l\u00e9chargez d\u00e8s aujourd\u2019hui&hellip;&nbsp;<a href=\"https:\/\/astronauts.games\/fr\/app\/\" rel=\"bookmark\">Read More &raquo;<span class=\"screen-reader-text\">Download Astronaut Game App for Android &amp; iOS<\/span><\/a><\/p>\n","protected":false},"author":1,"featured_media":0,"parent":0,"menu_order":0,"comment_status":"closed","ping_status":"closed","template":"","meta":{"_uag_custom_page_level_css":"","neve_meta_sidebar":"","neve_meta_container":"","neve_meta_enable_content_width":"","neve_meta_content_width":0,"neve_meta_title_alignment":"","neve_meta_author_avatar":"","neve_post_elements_order":"","neve_meta_disable_header":"","neve_meta_disable_footer":"","neve_meta_disable_title":"on","neve_meta_reading_time":"","footnotes":""},"class_list":["post-757","page","type-page","status-publish","hentry"],"acf":[],"uagb_featured_image_src":{"full":false,"thumbnail":false,"medium":false,"medium_large":false,"large":false,"1536x1536":false,"2048x2048":false,"neve-blog":false},"uagb_author_info":{"display_name":"leadscount.team@gmail.com","author_link":"https:\/\/astronauts.games\/fr\/author\/leadscount-teamgmail-com\/"},"uagb_comment_info":0,"uagb_excerpt":"T\u00e9l\u00e9charger l\u2019application Astronaut pour Android et iOS L\u2019application Astronaut Crash Game offre une exp\u00e9rience de pari immersive au design spatial, disponible sur Android et iOS. Que vous jouiez pour le plaisir ou pour remporter de vrais gains, l\u2019app propose des performances rapides, des graphismes de haute qualit\u00e9 et des commandes tactiles r\u00e9actives. T\u00e9l\u00e9chargez d\u00e8s aujourd\u2019hui&hellip;&nbsp;Read\u2026","_links":{"self":[{"href":"https:\/\/astronauts.games\/fr\/wp-json\/wp\/v2\/pages\/757","targetHints":{"allow":["GET"]}}],"collection":[{"href":"https:\/\/astronauts.games\/fr\/wp-json\/wp\/v2\/pages"}],"about":[{"href":"https:\/\/astronauts.games\/fr\/wp-json\/wp\/v2\/types\/page"}],"author":[{"embeddable":true,"href":"https:\/\/astronauts.games\/fr\/wp-json\/wp\/v2\/users\/1"}],"replies":[{"embeddable":true,"href":"https:\/\/astronauts.games\/fr\/wp-json\/wp\/v2\/comments?post=757"}],"version-history":[{"count":1,"href":"https:\/\/astronauts.games\/fr\/wp-json\/wp\/v2\/pages\/757\/revisions"}],"predecessor-version":[{"id":760,"href":"https:\/\/astronauts.games\/fr\/wp-json\/wp\/v2\/pages\/757\/revisions\/760"}],"wp:attachment":[{"href":"https:\/\/astronauts.games\/fr\/wp-json\/wp\/v2\/media?parent=757"}],"curies":[{"name":"wp","href":"https:\/\/api.w.org\/{rel}","templated":true}]}}