{"id":745,"date":"2025-07-20T07:24:03","date_gmt":"2025-07-20T07:24:03","guid":{"rendered":"https:\/\/astronauts.games\/?page_id=745"},"modified":"2025-10-21T11:46:22","modified_gmt":"2025-10-21T11:46:22","slug":"demo","status":"publish","type":"page","link":"https:\/\/astronauts.games\/es\/demo\/","title":{"rendered":"Astronaut (100HP Gaming) Game Demo Mode"},"content":{"rendered":"\n<h1 class=\"wp-block-heading\">Modo demo del juego Astronaut Crash<\/h1>\n\n\n\t\n\n<div class=\"wp-block-cover\">\n  <!-- \u0424\u043e\u043d\u043e\u0432\u043e\u0435 \u0438\u0437\u043e\u0431\u0440\u0430\u0436\u0435\u043d\u0438\u0435 \u043a\u0430\u043a <img> -->\n  <img loading=\"lazy\"\n    decoding=\"async\"\n    width=\"1024\"\n    height=\"574\"\n    class=\"wp-block-cover__image-background wp-image-1160\"\n    src=\"https:\/\/astronauts.games\/wp-content\/uploads\/2025\/11\/astronaut_game-e1762857105423.webp\"\n    data-object-fit=\"cover\"\n    srcset=\"\n      https:\/\/astronauts.games\/wp-content\/uploads\/2025\/11\/astronaut_game-e1762857105423.webp 1024w,\n      https:\/\/astronauts.games\/wp-content\/uploads\/2025\/11\/astronaut_game-e1762857105423.webp 300w,\n      https:\/\/astronauts.games\/wp-content\/uploads\/2025\/11\/astronaut_game-e1762857105423.webp 768w,\n      https:\/\/astronauts.games\/wp-content\/uploads\/2025\/11\/astronaut_game-e1762857105423.webp 1200w\n    \"\n    sizes=\"auto, (max-width: 1024px) 100vw, 1024px\"\n  \/>\n  <!-- \u041a\u043e\u043d\u0442\u0435\u0439\u043d\u0435\u0440 \u0441 \u043a\u043d\u043e\u043f\u043a\u0430\u043c\u0438 -->\n  <div class=\"wp-block-cover__inner-container is-layout-flow wp-block-cover-is-layout-flow\">\n\n\n<div class=\"popup-demo\" data-popup-id=\"222\"\n     data-overlay-enabled=\"0\"\n     data-overlay-time=\"0\"\n     data-overlay-button-text=\"\"\n     data-overlay-button-color=\"\"\n     data-overlay-button-text-color=\"\"\n     data-overlay-button-hover-color=\"\"\n     data-overlay-button-hover-text-color=\"\"\n     data-overlay-button-link=\"\"\n     data-overlay-continue-button-text=\"\"\n     data-overlay-continue-button-color=\"\"\n     data-overlay-continue-button-text-color=\"\"\n     data-overlay-continue-button-hover-color=\"\"\n     data-overlay-continue-button-hover-text-color=\"\"\n     data-casino1-logo=\"\"\n     data-casino1-name=\"\"\n     data-casino1-bonus=\"\"\n     data-casino1-button-text=\"\"\n     data-casino1-link=\"\"\n     data-card-background-color=\"\"\n     data-button-color=\"\"\n     data-button-hover-color=\"\"\n     data-bonus-text-color=\"\"\n     data-bg-image=\"https:\/\/astronauts.games\/wp-content\/uploads\/2025\/11\/astronaut_game-e1762857105423.webp\">\n\t\n\t<div class=\"style1\">\n                    <button class=\"link-button\" data-casino-link=\"\/go-to\/\"\n                    onclick=\"ym(, 'reachGoal', 'link-button-222'); return true;\">\n                    PLAY FOR REAL MONEY            <\/button>\n                <button class=\"play-button\" data-demo-link=\"https:\/\/casino.100hp.game\/astronaut-second-chance?id=01980fbf-2da1-7237-81b0-56eb887b5c5f\"\n                onclick=\"ym(, 'reachGoal', 'play-button-222'); return true;\">\n                PLAY DEMO        <\/button>\n    <\/div>\n<\/div>\n<div id=\"popup-222\" class=\"popup\" style=\"display:none;\">\n    <div class=\"popup-content\">\n        <iframe loading=\"lazy\" class=\"popup-iframe\" src=\"\" width=\"100%\" height=\"100%\" frameborder=\"0\" scrolling=\"none\" allowfullscreen><\/iframe>\n        <button class=\"reload-iframe\" title=\"Reload\" style=\"background: none; border: none; cursor: pointer;\">\n            <img loading=\"lazy\" decoding=\"async\" src=\"https:\/\/astronauts.games\/wp-content\/plugins\/demo-popup-main\/img\/reload.png\" alt=\"Reload\" width=\"24\" height=\"24\" \/>\n        <\/button>\n        <button class=\"close-popup\" title=\"Close\" style=\"background: none; border: none; cursor: pointer;\">\n            <img loading=\"lazy\" decoding=\"async\" src=\"https:\/\/astronauts.games\/wp-content\/plugins\/demo-popup-main\/img\/close.png\" alt=\"Close\" width=\"24\" height=\"24\" \/>\n        <\/button>\n    <\/div>\n<\/div>\n\t<\/div>\n\t<\/div>\n    \n\n\n\n<p>Astronaut es el nuevo juego tipo crash desarrollado por 100HP Gaming, un estudio especializado en entretenimiento con enfoque cripto. Lanzado en marzo, ya se encuentra disponible en numerosos casinos asociados. Para quienes desean probarlo sin riesgo, el modo demo ofrece una forma ideal de explorar esta experiencia de apuestas espaciales sin invertir dinero real.<\/p>\n\n\n\n<h2 class=\"wp-block-heading\">Ventajas y desventajas de Astronaut de 100HP Gaming<\/h2>\n\n\n\n<h3 class=\"wp-block-heading\">Ventajas<\/h3>\n\n\n\n<ul class=\"wp-block-list\">\n<li>Dos estaciones de apuesta por ronda, que brindan flexibilidad para gestionar m\u00faltiples jugadas.<\/li>\n\n\n\n<li>Funciones de Autobet y Auto retiro que automatizan la experiencia de juego.<\/li>\n\n\n\n<li>Estad\u00edsticas en vivo y chat integrado para seguir el desarrollo de la partida e interactuar con otros jugadores.<\/li>\n\n\n\n<li>L\u00edmites de apuesta altos: hasta $150 por estaci\u00f3n y por ronda.<\/li>\n\n\n\n<li>Gran potencial de ganancias: premios de hasta $10.000 en una sola sesi\u00f3n.<\/li>\n\n\n\n<li>RTP: 97%.<\/li>\n<\/ul>\n\n\n\n<h3 class=\"wp-block-heading\">Desventajas<\/h3>\n\n\n\n<ul class=\"wp-block-list\">\n<li>La din\u00e1mica puede parecer similar a la de otros juegos crash, aunque incorpora innovaciones en su estructura.<\/li>\n\n\n\n<li>No incluye funciones de bonificaci\u00f3n como giros gratis o jackpots, lo que puede desanimar a jugadores que buscan recompensas adicionales.<\/li>\n<\/ul>\n\n\n\n<p>El modo de demostraci\u00f3n permite experimentar todas las funciones y la mec\u00e1nica de Astronaut sin riesgo econ\u00f3mico. Es una excelente opci\u00f3n para familiarizarse con su ritmo, volatilidad y caracter\u00edsticas antes d<\/p>\n","protected":false},"excerpt":{"rendered":"<p>Modo demo del juego Astronaut Crash Astronaut es el nuevo juego tipo crash desarrollado por 100HP Gaming, un estudio especializado en entretenimiento con enfoque cripto. Lanzado en marzo, ya se encuentra disponible en numerosos casinos asociados. Para quienes desean probarlo sin riesgo, el modo demo ofrece una forma ideal de explorar esta experiencia de apuestas&hellip;&nbsp;<a href=\"https:\/\/astronauts.games\/es\/demo\/\" rel=\"bookmark\">Read More &raquo;<span class=\"screen-reader-text\">Astronaut (100HP Gaming) Game Demo Mode<\/span><\/a><\/p>\n","protected":false},"author":1,"featured_media":0,"parent":0,"menu_order":0,"comment_status":"closed","ping_status":"closed","template":"","meta":{"_uag_custom_page_level_css":"","neve_meta_sidebar":"","neve_meta_container":"","neve_meta_enable_content_width":"","neve_meta_content_width":0,"neve_meta_title_alignment":"","neve_meta_author_avatar":"","neve_post_elements_order":"","neve_meta_disable_header":"","neve_meta_disable_footer":"","neve_meta_disable_title":"on","neve_meta_reading_time":"","footnotes":""},"class_list":["post-745","page","type-page","status-publish","hentry"],"acf":[],"uagb_featured_image_src":{"full":false,"thumbnail":false,"medium":false,"medium_large":false,"large":false,"1536x1536":false,"2048x2048":false,"neve-blog":false},"uagb_author_info":{"display_name":"leadscount.team@gmail.com","author_link":"https:\/\/astronauts.games\/es\/author\/leadscount-teamgmail-com\/"},"uagb_comment_info":0,"uagb_excerpt":"Modo demo del juego Astronaut Crash Astronaut es el nuevo juego tipo crash desarrollado por 100HP Gaming, un estudio especializado en entretenimiento con enfoque cripto. Lanzado en marzo, ya se encuentra disponible en numerosos casinos asociados. Para quienes desean probarlo sin riesgo, el modo demo ofrece una forma ideal de explorar esta experiencia de apuestas&hellip;&nbsp;Read&hellip;","_links":{"self":[{"href":"https:\/\/astronauts.games\/es\/wp-json\/wp\/v2\/pages\/745","targetHints":{"allow":["GET"]}}],"collection":[{"href":"https:\/\/astronauts.games\/es\/wp-json\/wp\/v2\/pages"}],"about":[{"href":"https:\/\/astronauts.games\/es\/wp-json\/wp\/v2\/types\/page"}],"author":[{"embeddable":true,"href":"https:\/\/astronauts.games\/es\/wp-json\/wp\/v2\/users\/1"}],"replies":[{"embeddable":true,"href":"https:\/\/astronauts.games\/es\/wp-json\/wp\/v2\/comments?post=745"}],"version-history":[{"count":1,"href":"https:\/\/astronauts.games\/es\/wp-json\/wp\/v2\/pages\/745\/revisions"}],"predecessor-version":[{"id":748,"href":"https:\/\/astronauts.games\/es\/wp-json\/wp\/v2\/pages\/745\/revisions\/748"}],"wp:attachment":[{"href":"https:\/\/astronauts.games\/es\/wp-json\/wp\/v2\/media?parent=745"}],"curies":[{"name":"wp","href":"https:\/\/api.w.org\/{rel}","templated":true}]}}