{"id":753,"date":"2025-07-20T07:24:03","date_gmt":"2025-07-20T07:24:03","guid":{"rendered":"https:\/\/astronauts.games\/?page_id=753"},"modified":"2025-10-21T11:51:19","modified_gmt":"2025-10-21T11:51:19","slug":"demo","status":"publish","type":"page","link":"https:\/\/astronauts.games\/de\/demo\/","title":{"rendered":"Astronaut (100HP Gaming) Game Demo Mode"},"content":{"rendered":"\n<h1 class=\"wp-block-heading\">Astronaut Crash Game Demo<\/h1>\n\n\n\t\n\n<div class=\"wp-block-cover\">\n  <!-- \u0424\u043e\u043d\u043e\u0432\u043e\u0435 \u0438\u0437\u043e\u0431\u0440\u0430\u0436\u0435\u043d\u0438\u0435 \u043a\u0430\u043a <img> -->\n  <img loading=\"lazy\"\n    decoding=\"async\"\n    width=\"1024\"\n    height=\"574\"\n    class=\"wp-block-cover__image-background wp-image-1160\"\n    src=\"https:\/\/astronauts.games\/wp-content\/uploads\/2025\/11\/astronaut_game-e1762857105423.webp\"\n    data-object-fit=\"cover\"\n    srcset=\"\n      https:\/\/astronauts.games\/wp-content\/uploads\/2025\/11\/astronaut_game-e1762857105423.webp 1024w,\n      https:\/\/astronauts.games\/wp-content\/uploads\/2025\/11\/astronaut_game-e1762857105423.webp 300w,\n      https:\/\/astronauts.games\/wp-content\/uploads\/2025\/11\/astronaut_game-e1762857105423.webp 768w,\n      https:\/\/astronauts.games\/wp-content\/uploads\/2025\/11\/astronaut_game-e1762857105423.webp 1200w\n    \"\n    sizes=\"auto, (max-width: 1024px) 100vw, 1024px\"\n  \/>\n  <!-- \u041a\u043e\u043d\u0442\u0435\u0439\u043d\u0435\u0440 \u0441 \u043a\u043d\u043e\u043f\u043a\u0430\u043c\u0438 -->\n  <div class=\"wp-block-cover__inner-container is-layout-flow wp-block-cover-is-layout-flow\">\n\n\n<div class=\"popup-demo\" data-popup-id=\"222\"\n     data-overlay-enabled=\"0\"\n     data-overlay-time=\"0\"\n     data-overlay-button-text=\"\"\n     data-overlay-button-color=\"\"\n     data-overlay-button-text-color=\"\"\n     data-overlay-button-hover-color=\"\"\n     data-overlay-button-hover-text-color=\"\"\n     data-overlay-button-link=\"\"\n     data-overlay-continue-button-text=\"\"\n     data-overlay-continue-button-color=\"\"\n     data-overlay-continue-button-text-color=\"\"\n     data-overlay-continue-button-hover-color=\"\"\n     data-overlay-continue-button-hover-text-color=\"\"\n     data-casino1-logo=\"\"\n     data-casino1-name=\"\"\n     data-casino1-bonus=\"\"\n     data-casino1-button-text=\"\"\n     data-casino1-link=\"\"\n     data-card-background-color=\"\"\n     data-button-color=\"\"\n     data-button-hover-color=\"\"\n     data-bonus-text-color=\"\"\n     data-bg-image=\"https:\/\/astronauts.games\/wp-content\/uploads\/2025\/11\/astronaut_game-e1762857105423.webp\">\n\t\n\t<div class=\"style1\">\n                    <button class=\"link-button\" data-casino-link=\"\/go-to\/\"\n                    onclick=\"ym(, 'reachGoal', 'link-button-222'); return true;\">\n                    PLAY FOR REAL MONEY            <\/button>\n                <button class=\"play-button\" data-demo-link=\"https:\/\/casino.100hp.game\/astronaut-second-chance?id=01980fbf-2da1-7237-81b0-56eb887b5c5f\"\n                onclick=\"ym(, 'reachGoal', 'play-button-222'); return true;\">\n                PLAY DEMO        <\/button>\n    <\/div>\n<\/div>\n<div id=\"popup-222\" class=\"popup\" style=\"display:none;\">\n    <div class=\"popup-content\">\n        <iframe loading=\"lazy\" class=\"popup-iframe\" src=\"\" width=\"100%\" height=\"100%\" frameborder=\"0\" scrolling=\"none\" allowfullscreen><\/iframe>\n        <button class=\"reload-iframe\" title=\"Reload\" style=\"background: none; border: none; cursor: pointer;\">\n            <img loading=\"lazy\" decoding=\"async\" src=\"https:\/\/astronauts.games\/wp-content\/plugins\/demo-popup-main\/img\/reload.png\" alt=\"Reload\" width=\"24\" height=\"24\" \/>\n        <\/button>\n        <button class=\"close-popup\" title=\"Close\" style=\"background: none; border: none; cursor: pointer;\">\n            <img loading=\"lazy\" decoding=\"async\" src=\"https:\/\/astronauts.games\/wp-content\/plugins\/demo-popup-main\/img\/close.png\" alt=\"Close\" width=\"24\" height=\"24\" \/>\n        <\/button>\n    <\/div>\n<\/div>\n\t<\/div>\n\t<\/div>\n    \n\n\n\n<p>Astronaut ist das neueste Crash-Arcade-Spiel von 100HP Gaming, einem Entwickler mit Fokus auf Krypto-Gaming und moderne Online-Wetten. Das Spiel wurde im M\u00e4rz ver\u00f6ffentlicht und ist inzwischen in zahlreichen Partner-Casinos verf\u00fcgbar. Wer das Erlebnis zun\u00e4chst risikofrei testen m\u00f6chte, kann den Demomodus nutzen \u2013 die ideale Gelegenheit, um das Spielgef\u00fchl und die Mechanik kennenzulernen.<\/p>\n\n\n\n<h2 class=\"wp-block-heading\">Vor- und Nachteile des Astronaut Games von 100HP Gaming<\/h2>\n\n\n\n<h3 class=\"wp-block-heading\">Vorteile<\/h3>\n\n\n\n<ul class=\"wp-block-list\">\n<li>Zwei Wettstationen pro Runde f\u00fcr mehr Flexibilit\u00e4t und unterschiedliche Einsatzstrategien.<\/li>\n\n\n\n<li>Autobet- und Autowithdrawal-Funktionen erm\u00f6glichen vollautomatisches Spielen.<\/li>\n\n\n\n<li>Umfassende Echtzeitstatistiken und Chat-System f\u00fcr Interaktion mit anderen Spielern und transparente Spielabl\u00e4ufe.<\/li>\n\n\n\n<li>Hohe Einsatzlimits \u2013 bis zu 150 US-Dollar pro Station und Runde.<\/li>\n\n\n\n<li>Gro\u00dfes Gewinnpotenzial \u2013 bis zu 10.000 US-Dollar pro Runde m\u00f6glich.<\/li>\n\n\n\n<li>RTP: 97 %.<\/li>\n<\/ul>\n\n\n\n<h3 class=\"wp-block-heading\">Nachteile<\/h3>\n\n\n\n<ul class=\"wp-block-list\">\n<li>Das Spielprinzip \u00e4hnelt anderen Crash-Titeln, auch wenn Astronaut einige neue Funktionen bietet.<\/li>\n\n\n\n<li>Keine klassischen Bonus-Features wie Freispielrunden oder Jackpots, was manche Spieler vermissen k\u00f6nnten.<\/li>\n<\/ul>\n\n\n\n<p>Die Demoversion des Astronaut Games erlaubt es, die Funktionsweise, Geschwindigkeit und Volatilit\u00e4t des Spiels kennenzulernen, ohne echtes Geld einzusetzen. So erhalten Spieler ein realistisches Gef\u00fchl f\u00fcr das Gameplay, bevor sie sich f\u00fcr echte Eins\u00e4tze entscheiden.<\/p>\n","protected":false},"excerpt":{"rendered":"<p>Astronaut Crash Game Demo Astronaut ist das neueste Crash-Arcade-Spiel von 100HP Gaming, einem Entwickler mit Fokus auf Krypto-Gaming und moderne Online-Wetten. Das Spiel wurde im M\u00e4rz ver\u00f6ffentlicht und ist inzwischen in zahlreichen Partner-Casinos verf\u00fcgbar. Wer das Erlebnis zun\u00e4chst risikofrei testen m\u00f6chte, kann den Demomodus nutzen \u2013 die ideale Gelegenheit, um das Spielgef\u00fchl und die Mechanik&hellip;&nbsp;<a href=\"https:\/\/astronauts.games\/de\/demo\/\" rel=\"bookmark\">Weiterlesen &raquo;<span class=\"screen-reader-text\">Astronaut (100HP Gaming) Game Demo Mode<\/span><\/a><\/p>\n","protected":false},"author":1,"featured_media":0,"parent":0,"menu_order":0,"comment_status":"closed","ping_status":"closed","template":"","meta":{"_uag_custom_page_level_css":"","neve_meta_sidebar":"","neve_meta_container":"","neve_meta_enable_content_width":"","neve_meta_content_width":0,"neve_meta_title_alignment":"","neve_meta_author_avatar":"","neve_post_elements_order":"","neve_meta_disable_header":"","neve_meta_disable_footer":"","neve_meta_disable_title":"on","neve_meta_reading_time":"","footnotes":""},"class_list":["post-753","page","type-page","status-publish","hentry"],"acf":[],"uagb_featured_image_src":{"full":false,"thumbnail":false,"medium":false,"medium_large":false,"large":false,"1536x1536":false,"2048x2048":false,"neve-blog":false},"uagb_author_info":{"display_name":"leadscount.team@gmail.com","author_link":"https:\/\/astronauts.games\/de\/author\/leadscount-teamgmail-com\/"},"uagb_comment_info":0,"uagb_excerpt":"Astronaut Crash Game Demo Astronaut ist das neueste Crash-Arcade-Spiel von 100HP Gaming, einem Entwickler mit Fokus auf Krypto-Gaming und moderne Online-Wetten. Das Spiel wurde im M\u00e4rz ver\u00f6ffentlicht und ist inzwischen in zahlreichen Partner-Casinos verf\u00fcgbar. Wer das Erlebnis zun\u00e4chst risikofrei testen m\u00f6chte, kann den Demomodus nutzen \u2013 die ideale Gelegenheit, um das Spielgef\u00fchl und die Mechanik&hellip;&nbsp;Weiterlesen&hellip;","_links":{"self":[{"href":"https:\/\/astronauts.games\/de\/wp-json\/wp\/v2\/pages\/753","targetHints":{"allow":["GET"]}}],"collection":[{"href":"https:\/\/astronauts.games\/de\/wp-json\/wp\/v2\/pages"}],"about":[{"href":"https:\/\/astronauts.games\/de\/wp-json\/wp\/v2\/types\/page"}],"author":[{"embeddable":true,"href":"https:\/\/astronauts.games\/de\/wp-json\/wp\/v2\/users\/1"}],"replies":[{"embeddable":true,"href":"https:\/\/astronauts.games\/de\/wp-json\/wp\/v2\/comments?post=753"}],"version-history":[{"count":1,"href":"https:\/\/astronauts.games\/de\/wp-json\/wp\/v2\/pages\/753\/revisions"}],"predecessor-version":[{"id":755,"href":"https:\/\/astronauts.games\/de\/wp-json\/wp\/v2\/pages\/753\/revisions\/755"}],"wp:attachment":[{"href":"https:\/\/astronauts.games\/de\/wp-json\/wp\/v2\/media?parent=753"}],"curies":[{"name":"wp","href":"https:\/\/api.w.org\/{rel}","templated":true}]}}